{"id":3569,"date":"2023-11-20T11:09:01","date_gmt":"2023-11-20T11:09:01","guid":{"rendered":"https:\/\/slenistrakuose.lt\/?page_id=3569"},"modified":"2025-07-30T14:29:16","modified_gmt":"2025-07-30T14:29:16","slug":"vasarnamis-nr-37","status":"publish","type":"page","link":"https:\/\/slenistrakuose.lt\/en\/rezervacija\/vasarnamiai\/vasarnamis-nr-37\/","title":{"rendered":"SUMMER HOUSE NR. 37"},"content":{"rendered":"<div data-elementor-type=\"wp-page\" data-elementor-id=\"3569\" class=\"elementor elementor-3569\" data-elementor-post-type=\"page\">\n\t\t\t\t\t\t<section class=\"elementor-section elementor-top-section elementor-element elementor-element-7bca1a3f ct-section-stretched elementor-section-full_width elementor-section-height-min-height elementor-section-content-middle elementor-section-height-default elementor-section-items-middle\" data-id=\"7bca1a3f\" data-element_type=\"section\" data-settings=\"{&quot;background_background&quot;:&quot;classic&quot;}\">\n\t\t\t\t\t\t\t<div class=\"elementor-background-overlay\"><\/div>\n\t\t\t\t\t\t\t<div class=\"elementor-container elementor-column-gap-no\">\n\t\t\t\t\t<div class=\"elementor-column elementor-col-100 elementor-top-column elementor-element elementor-element-f0cd92c\" data-id=\"f0cd92c\" data-element_type=\"column\">\n\t\t\t<div class=\"elementor-widget-wrap elementor-element-populated\">\n\t\t\t\t\t\t\t<\/div>\n\t\t<\/div>\n\t\t\t\t\t<\/div>\n\t\t<\/section>\n\t\t\t\t<section class=\"elementor-section elementor-top-section elementor-element elementor-element-efd567b elementor-section-boxed elementor-section-height-default elementor-section-height-default\" data-id=\"efd567b\" data-element_type=\"section\">\n\t\t\t\t\t\t<div class=\"elementor-container elementor-column-gap-default\">\n\t\t\t\t\t<div class=\"elementor-column elementor-col-50 elementor-top-column elementor-element elementor-element-3d2b7a7 elementor-hidden-tablet elementor-hidden-mobile\" data-id=\"3d2b7a7\" data-element_type=\"column\">\n\t\t\t<div class=\"elementor-widget-wrap elementor-element-populated\">\n\t\t\t\t\t\t<div class=\"elementor-element elementor-element-f6b7d5b elementor-pagination-position-inside elementor-arrows-position-inside elementor-widget elementor-widget-image-carousel\" data-id=\"f6b7d5b\" data-element_type=\"widget\" data-settings=\"{&quot;slides_to_show&quot;:&quot;1&quot;,&quot;lazyload&quot;:&quot;yes&quot;,&quot;autoplay_speed&quot;:3000,&quot;speed&quot;:1000,&quot;navigation&quot;:&quot;both&quot;,&quot;autoplay&quot;:&quot;yes&quot;,&quot;pause_on_hover&quot;:&quot;yes&quot;,&quot;pause_on_interaction&quot;:&quot;yes&quot;,&quot;infinite&quot;:&quot;yes&quot;,&quot;effect&quot;:&quot;slide&quot;}\" data-widget_type=\"image-carousel.default\">\n\t\t\t\t<div class=\"elementor-widget-container\">\n\t\t\t\t\t<div class=\"elementor-image-carousel-wrapper swiper\" dir=\"ltr\">\n\t\t\t<div class=\"elementor-image-carousel swiper-wrapper\" aria-live=\"off\">\n\t\t\t\t\t\t\t\t<div class=\"swiper-slide\" role=\"group\" aria-roledescription=\"slide\" aria-label=\"1 of 2\"><a data-elementor-open-lightbox=\"yes\" data-elementor-lightbox-slideshow=\"f6b7d5b\" data-elementor-lightbox-title=\"DSC_0143w\" data-e-action-hash=\"#elementor-action%3Aaction%3Dlightbox%26settings%3DeyJpZCI6NjA5MSwidXJsIjoiaHR0cHM6XC9cL3NsZW5pc3RyYWt1b3NlLmx0XC93cC1jb250ZW50XC91cGxvYWRzXC8yMDI1XC8wN1wvRFNDXzAxNDN3LmpwZyIsInNsaWRlc2hvdyI6ImY2YjdkNWIifQ%3D%3D\" href=\"https:\/\/slenistrakuose.lt\/wp-content\/uploads\/2025\/07\/DSC_0143w.jpg\"><figure class=\"swiper-slide-inner\"><img class=\"swiper-slide-image swiper-lazy\" data-src=\"https:\/\/slenistrakuose.lt\/wp-content\/uploads\/2025\/07\/DSC_0143w.jpg\" alt=\"DSC_0143w\" \/><div class=\"swiper-lazy-preloader\"><\/div><\/figure><\/a><\/div><div class=\"swiper-slide\" role=\"group\" aria-roledescription=\"slide\" aria-label=\"2 of 2\"><a data-elementor-open-lightbox=\"yes\" data-elementor-lightbox-slideshow=\"f6b7d5b\" data-elementor-lightbox-title=\"DSC_0135-HDRw\" data-e-action-hash=\"#elementor-action%3Aaction%3Dlightbox%26settings%3DeyJpZCI6NjA4OSwidXJsIjoiaHR0cHM6XC9cL3NsZW5pc3RyYWt1b3NlLmx0XC93cC1jb250ZW50XC91cGxvYWRzXC8yMDI1XC8wN1wvRFNDXzAxMzUtSERSdy5qcGciLCJzbGlkZXNob3ciOiJmNmI3ZDViIn0%3D\" href=\"https:\/\/slenistrakuose.lt\/wp-content\/uploads\/2025\/07\/DSC_0135-HDRw.jpg\"><figure class=\"swiper-slide-inner\"><img class=\"swiper-slide-image swiper-lazy\" data-src=\"https:\/\/slenistrakuose.lt\/wp-content\/uploads\/2025\/07\/DSC_0135-HDRw.jpg\" alt=\"DSC_0135-HDRw\" \/><div class=\"swiper-lazy-preloader\"><\/div><\/figure><\/a><\/div>\t\t\t<\/div>\n\t\t\t\t\t\t\t\t\t\t\t\t<div class=\"elementor-swiper-button elementor-swiper-button-prev\" role=\"button\" tabindex=\"0\">\n\t\t\t\t\t\t<i aria-hidden=\"true\" class=\"eicon-chevron-left\"><\/i>\t\t\t\t\t<\/div>\n\t\t\t\t\t<div class=\"elementor-swiper-button elementor-swiper-button-next\" role=\"button\" tabindex=\"0\">\n\t\t\t\t\t\t<i aria-hidden=\"true\" class=\"eicon-chevron-right\"><\/i>\t\t\t\t\t<\/div>\n\t\t\t\t\n\t\t\t\t\t\t\t\t\t<div class=\"swiper-pagination\"><\/div>\n\t\t\t\t\t\t\t\t\t<\/div>\n\t\t\t\t<\/div>\n\t\t\t\t<\/div>\n\t\t\t\t\t<\/div>\n\t\t<\/div>\n\t\t\t\t<div class=\"elementor-column elementor-col-50 elementor-top-column elementor-element elementor-element-3c893a4\" data-id=\"3c893a4\" data-element_type=\"column\">\n\t\t\t<div class=\"elementor-widget-wrap elementor-element-populated\">\n\t\t\t\t\t\t<div class=\"elementor-element elementor-element-0ed3181 elementor-icon-list--layout-inline elementor-list-item-link-inline elementor-mobile-align-center elementor-tablet-align-center elementor-widget elementor-widget-icon-list\" data-id=\"0ed3181\" data-element_type=\"widget\" data-widget_type=\"icon-list.default\">\n\t\t\t\t<div class=\"elementor-widget-container\">\n\t\t\t\t\t<ul class=\"elementor-icon-list-items elementor-inline-items\">\n\t\t\t\t\t\t\t<li class=\"elementor-icon-list-item elementor-inline-item\">\n\t\t\t\t\t\t\t\t\t\t\t<span class=\"elementor-icon-list-icon\">\n\t\t\t\t\t\t\t<i aria-hidden=\"true\" class=\"fas fa-users\"><\/i>\t\t\t\t\t\t<\/span>\n\t\t\t\t\t\t\t\t\t\t<span class=\"elementor-icon-list-text\">From 2 to 4 persons<\/span>\n\t\t\t\t\t\t\t\t\t<\/li>\n\t\t\t\t\t\t\t\t<li class=\"elementor-icon-list-item elementor-inline-item\">\n\t\t\t\t\t\t\t\t\t\t\t<span class=\"elementor-icon-list-icon\">\n\t\t\t\t\t\t\t<i aria-hidden=\"true\" class=\"fas fa-bath\"><\/i>\t\t\t\t\t\t<\/span>\n\t\t\t\t\t\t\t\t\t\t<span class=\"elementor-icon-list-text\">Public showers\/WC<\/span>\n\t\t\t\t\t\t\t\t\t<\/li>\n\t\t\t\t\t\t\t\t<li class=\"elementor-icon-list-item elementor-inline-item\">\n\t\t\t\t\t\t\t\t\t\t\t<span class=\"elementor-icon-list-icon\">\n\t\t\t\t\t\t\t<i aria-hidden=\"true\" class=\"fas fa-basketball-ball\"><\/i>\t\t\t\t\t\t<\/span>\n\t\t\t\t\t\t\t\t\t\t<span class=\"elementor-icon-list-text\">Basketball\/ Football<\/span>\n\t\t\t\t\t\t\t\t\t<\/li>\n\t\t\t\t\t\t\t\t<li class=\"elementor-icon-list-item elementor-inline-item\">\n\t\t\t\t\t\t\t\t\t\t\t<span class=\"elementor-icon-list-icon\">\n\t\t\t\t\t\t\t<i aria-hidden=\"true\" class=\"fas fa-umbrella-beach\"><\/i>\t\t\t\t\t\t<\/span>\n\t\t\t\t\t\t\t\t\t\t<span class=\"elementor-icon-list-text\">Private beach<\/span>\n\t\t\t\t\t\t\t\t\t<\/li>\n\t\t\t\t\t\t\t\t<li class=\"elementor-icon-list-item elementor-inline-item\">\n\t\t\t\t\t\t\t\t\t\t<span class=\"elementor-icon-list-text\">.......<\/span>\n\t\t\t\t\t\t\t\t\t<\/li>\n\t\t\t\t\t\t<\/ul>\n\t\t\t\t<\/div>\n\t\t\t\t<\/div>\n\t\t\t\t<div class=\"elementor-element elementor-element-84d7aef elementor-widget elementor-widget-text-editor\" data-id=\"84d7aef\" data-element_type=\"widget\" data-widget_type=\"text-editor.default\">\n\t\t\t\t<div class=\"elementor-widget-container\">\n\t\t\t\t\t\t\t<p style=\"font-weight: 300!important;\">Small private holiday homes for 2 to 6 people.<br \/>Each dormitory comes with clean white bed linen, a tea pot, cups and glasses.<br \/>There are no showers or toilets in the chalets - when staying in the chalets, you can use the public showers and toilets located next to the chalets.<\/p>\t\t\t\t\t\t<\/div>\n\t\t\t\t<\/div>\n\t\t\t\t<div class=\"elementor-element elementor-element-96cda9f elementor-pagination-position-inside elementor-hidden-desktop elementor-arrows-position-inside elementor-widget elementor-widget-image-carousel\" data-id=\"96cda9f\" data-element_type=\"widget\" data-settings=\"{&quot;slides_to_show&quot;:&quot;1&quot;,&quot;lazyload&quot;:&quot;yes&quot;,&quot;autoplay_speed&quot;:3000,&quot;speed&quot;:1000,&quot;navigation&quot;:&quot;both&quot;,&quot;autoplay&quot;:&quot;yes&quot;,&quot;pause_on_hover&quot;:&quot;yes&quot;,&quot;pause_on_interaction&quot;:&quot;yes&quot;,&quot;infinite&quot;:&quot;yes&quot;,&quot;effect&quot;:&quot;slide&quot;}\" data-widget_type=\"image-carousel.default\">\n\t\t\t\t<div class=\"elementor-widget-container\">\n\t\t\t\t\t<div class=\"elementor-image-carousel-wrapper swiper\" dir=\"ltr\">\n\t\t\t<div class=\"elementor-image-carousel swiper-wrapper\" aria-live=\"off\">\n\t\t\t\t\t\t\t\t<div class=\"swiper-slide\" role=\"group\" aria-roledescription=\"slide\" aria-label=\"1 of 3\"><a data-elementor-open-lightbox=\"yes\" data-elementor-lightbox-slideshow=\"96cda9f\" data-elementor-lightbox-title=\"02-keturvietis-vasarnamis\" data-e-action-hash=\"#elementor-action%3Aaction%3Dlightbox%26settings%3DeyJpZCI6MzUxOCwidXJsIjoiaHR0cHM6XC9cL3NsZW5pc3RyYWt1b3NlLmx0XC93cC1jb250ZW50XC91cGxvYWRzXC8yMDIzXC8xMVwvMDIta2V0dXJ2aWV0aXMtdmFzYXJuYW1pcy5qcGciLCJzbGlkZXNob3ciOiI5NmNkYTlmIn0%3D\" href=\"https:\/\/slenistrakuose.lt\/wp-content\/uploads\/2023\/11\/02-keturvietis-vasarnamis.jpg\"><figure class=\"swiper-slide-inner\"><img class=\"swiper-slide-image swiper-lazy\" data-src=\"https:\/\/slenistrakuose.lt\/wp-content\/uploads\/2023\/11\/02-keturvietis-vasarnamis.jpg\" alt=\"vasarnamis 37\" \/><div class=\"swiper-lazy-preloader\"><\/div><\/figure><\/a><\/div><div class=\"swiper-slide\" role=\"group\" aria-roledescription=\"slide\" aria-label=\"2 of 3\"><a data-elementor-open-lightbox=\"yes\" data-elementor-lightbox-slideshow=\"96cda9f\" data-elementor-lightbox-title=\"03-keturvietis-vasarnamis\" data-e-action-hash=\"#elementor-action%3Aaction%3Dlightbox%26settings%3DeyJpZCI6MzUxOSwidXJsIjoiaHR0cHM6XC9cL3NsZW5pc3RyYWt1b3NlLmx0XC93cC1jb250ZW50XC91cGxvYWRzXC8yMDIzXC8xMVwvMDMta2V0dXJ2aWV0aXMtdmFzYXJuYW1pcy5qcGciLCJzbGlkZXNob3ciOiI5NmNkYTlmIn0%3D\" href=\"https:\/\/slenistrakuose.lt\/wp-content\/uploads\/2023\/11\/03-keturvietis-vasarnamis.jpg\"><figure class=\"swiper-slide-inner\"><img class=\"swiper-slide-image swiper-lazy\" data-src=\"https:\/\/slenistrakuose.lt\/wp-content\/uploads\/2023\/11\/03-keturvietis-vasarnamis.jpg\" alt=\"vasarnamis 37\" \/><div class=\"swiper-lazy-preloader\"><\/div><\/figure><\/a><\/div><div class=\"swiper-slide\" role=\"group\" aria-roledescription=\"slide\" aria-label=\"3 of 3\"><a data-elementor-open-lightbox=\"yes\" data-elementor-lightbox-slideshow=\"96cda9f\" data-elementor-lightbox-title=\"IMG_6063\" data-e-action-hash=\"#elementor-action%3Aaction%3Dlightbox%26settings%3DeyJpZCI6MzUyMCwidXJsIjoiaHR0cHM6XC9cL3NsZW5pc3RyYWt1b3NlLmx0XC93cC1jb250ZW50XC91cGxvYWRzXC8yMDIzXC8xMVwvSU1HXzYwNjMtc2NhbGVkLmpwZWciLCJzbGlkZXNob3ciOiI5NmNkYTlmIn0%3D\" href=\"https:\/\/slenistrakuose.lt\/wp-content\/uploads\/2023\/11\/IMG_6063-scaled.jpeg\"><figure class=\"swiper-slide-inner\"><img class=\"swiper-slide-image swiper-lazy\" data-src=\"https:\/\/slenistrakuose.lt\/wp-content\/uploads\/2023\/11\/IMG_6063-scaled.jpeg\" alt=\"vasarnamis 37\" \/><div class=\"swiper-lazy-preloader\"><\/div><\/figure><\/a><\/div>\t\t\t<\/div>\n\t\t\t\t\t\t\t\t\t\t\t\t<div class=\"elementor-swiper-button elementor-swiper-button-prev\" role=\"button\" tabindex=\"0\">\n\t\t\t\t\t\t<i aria-hidden=\"true\" class=\"eicon-chevron-left\"><\/i>\t\t\t\t\t<\/div>\n\t\t\t\t\t<div class=\"elementor-swiper-button elementor-swiper-button-next\" role=\"button\" tabindex=\"0\">\n\t\t\t\t\t\t<i aria-hidden=\"true\" class=\"eicon-chevron-right\"><\/i>\t\t\t\t\t<\/div>\n\t\t\t\t\n\t\t\t\t\t\t\t\t\t<div class=\"swiper-pagination\"><\/div>\n\t\t\t\t\t\t\t\t\t<\/div>\n\t\t\t\t<\/div>\n\t\t\t\t<\/div>\n\t\t\t\t<section class=\"elementor-section elementor-inner-section elementor-element elementor-element-c2a3ffe elementor-section-boxed elementor-section-height-default elementor-section-height-default\" data-id=\"c2a3ffe\" data-element_type=\"section\">\n\t\t\t\t\t\t<div class=\"elementor-container elementor-column-gap-default\">\n\t\t\t\t\t<div class=\"elementor-column elementor-col-50 elementor-inner-column elementor-element elementor-element-f525e30\" data-id=\"f525e30\" data-element_type=\"column\">\n\t\t\t<div class=\"elementor-widget-wrap elementor-element-populated\">\n\t\t\t\t\t\t<div class=\"elementor-element elementor-element-dc4e6c2 elementor-mobile-align-center elementor-align-left elementor-tablet-align-center elementor-widget elementor-widget-button\" data-id=\"dc4e6c2\" data-element_type=\"widget\" data-widget_type=\"button.default\">\n\t\t\t\t<div class=\"elementor-widget-container\">\n\t\t\t\t\t\t\t<div class=\"elementor-button-wrapper\">\n\t\t\t\t\t<a class=\"elementor-button elementor-button-link elementor-size-sm\" href=\"https:\/\/booking.slenistrakuose.lt\/room\/?id=9\" target=\"_blank\">\n\t\t\t\t\t\t<span class=\"elementor-button-content-wrapper\">\n\t\t\t\t\t\t\t\t\t<span class=\"elementor-button-text\">BOOK<\/span>\n\t\t\t\t\t<\/span>\n\t\t\t\t\t<\/a>\n\t\t\t\t<\/div>\n\t\t\t\t\t\t<\/div>\n\t\t\t\t<\/div>\n\t\t\t\t<div class=\"elementor-element elementor-element-b23bcb0 elementor-mobile-align-center elementor-align-left elementor-tablet-align-center elementor-hidden-desktop elementor-widget elementor-widget-button\" data-id=\"b23bcb0\" data-element_type=\"widget\" data-widget_type=\"button.default\">\n\t\t\t\t<div class=\"elementor-widget-container\">\n\t\t\t\t\t\t\t<div class=\"elementor-button-wrapper\">\n\t\t\t\t\t<a class=\"elementor-button elementor-button-link elementor-size-sm\" href=\"tel:+37068611136\" target=\"_blank\">\n\t\t\t\t\t\t<span class=\"elementor-button-content-wrapper\">\n\t\t\t\t\t\t\t\t\t<span class=\"elementor-button-text\">SCAM<\/span>\n\t\t\t\t\t<\/span>\n\t\t\t\t\t<\/a>\n\t\t\t\t<\/div>\n\t\t\t\t\t\t<\/div>\n\t\t\t\t<\/div>\n\t\t\t\t\t<\/div>\n\t\t<\/div>\n\t\t\t\t<div class=\"elementor-column elementor-col-50 elementor-inner-column elementor-element elementor-element-2ef502b\" data-id=\"2ef502b\" data-element_type=\"column\">\n\t\t\t<div class=\"elementor-widget-wrap elementor-element-populated\">\n\t\t\t\t\t\t<div class=\"elementor-element elementor-element-00c72f1 elementor-mobile-align-center elementor-align-left elementor-tablet-align-center elementor-hidden-tablet elementor-hidden-mobile elementor-widget elementor-widget-button\" data-id=\"00c72f1\" data-element_type=\"widget\" data-widget_type=\"button.default\">\n\t\t\t\t<div class=\"elementor-widget-container\">\n\t\t\t\t\t\t\t<div class=\"elementor-button-wrapper\">\n\t\t\t\t\t<a class=\"elementor-button elementor-button-link elementor-size-sm\" href=\"tel:+37068611136\" target=\"_blank\">\n\t\t\t\t\t\t<span class=\"elementor-button-content-wrapper\">\n\t\t\t\t\t\t\t\t\t<span class=\"elementor-button-text\">SCAM<\/span>\n\t\t\t\t\t<\/span>\n\t\t\t\t\t<\/a>\n\t\t\t\t<\/div>\n\t\t\t\t\t\t<\/div>\n\t\t\t\t<\/div>\n\t\t\t\t\t<\/div>\n\t\t<\/div>\n\t\t\t\t\t<\/div>\n\t\t<\/section>\n\t\t\t\t\t<\/div>\n\t\t<\/div>\n\t\t\t\t\t<\/div>\n\t\t<\/section>\n\t\t\t\t<\/div>","protected":false},"excerpt":{"rendered":"<p>Nuo 2 iki 4 asmen\u0173 Vie\u0161ieji du\u0161ai\/WC Krep\u0161inis\/ Futbolas Privatus papl\u016bdimys &#8230;&#8230;. Nedideli privat\u016bs vasarnamiai, kuriuose apgyvendinti galime nuo 2 iki 6 asmen\u0173.Kiekviename vasranamyje rasite balt\u0105 \u0161vari\u0105 patalyn\u0119, arbatin\u012f, puodelius, stiklines.Vasranamiuose n\u0117ra du\u0161\u0173, WC \u2013 apsistoj\u0119 vasarnamiuose gal\u0117site naudotis vie\u0161aisiais du\u0161ais ir WC, \u012fsik\u016brusiais \u0161alia vasranami\u0173. REZERVUOTI SKAMBINTI SKAMBINTI<\/p>","protected":false},"author":2,"featured_media":0,"parent":3515,"menu_order":0,"comment_status":"closed","ping_status":"closed","template":"elementor_header_footer","meta":{"footnotes":""},"class_list":["post-3569","page","type-page","status-publish","hentry"],"blocksy_meta":[],"yoast_head":"<!-- This site is optimized with the Yoast SEO plugin v25.9 - https:\/\/yoast.com\/wordpress\/plugins\/seo\/ -->\n<title>VASARNAMIS NR. 37 - Sl\u0117nis Trakuose<\/title>\n<meta name=\"robots\" content=\"index, follow, max-snippet:-1, max-image-preview:large, max-video-preview:-1\" \/>\n<link rel=\"canonical\" href=\"https:\/\/slenistrakuose.lt\/en\/rezervacija\/vasarnamiai\/vasarnamis-nr-37\/\" \/>\n<meta property=\"og:locale\" content=\"en_US\" \/>\n<meta property=\"og:type\" content=\"article\" \/>\n<meta property=\"og:title\" content=\"VASARNAMIS NR. 37 - Sl\u0117nis Trakuose\" \/>\n<meta property=\"og:description\" content=\"Nuo 2 iki 4 asmen\u0173 Vie\u0161ieji du\u0161ai\/WC Krep\u0161inis\/ Futbolas Privatus papl\u016bdimys &#8230;&#8230;. Nedideli privat\u016bs vasarnamiai, kuriuose apgyvendinti galime nuo 2 iki 6 asmen\u0173.Kiekviename vasranamyje rasite balt\u0105 \u0161vari\u0105 patalyn\u0119, arbatin\u012f, puodelius, stiklines.Vasranamiuose n\u0117ra du\u0161\u0173, WC \u2013 apsistoj\u0119 vasarnamiuose gal\u0117site naudotis vie\u0161aisiais du\u0161ais ir WC, \u012fsik\u016brusiais \u0161alia vasranami\u0173. REZERVUOTI SKAMBINTI SKAMBINTI\" \/>\n<meta property=\"og:url\" content=\"https:\/\/slenistrakuose.lt\/en\/rezervacija\/vasarnamiai\/vasarnamis-nr-37\/\" \/>\n<meta property=\"og:site_name\" content=\"Sl\u0117nis Trakuose\" \/>\n<meta property=\"article:publisher\" content=\"https:\/\/www.facebook.com\/trakaivalley\" \/>\n<meta property=\"article:modified_time\" content=\"2025-07-30T14:29:16+00:00\" \/>\n<meta property=\"og:image\" content=\"https:\/\/slenistrakuose.lt\/wp-content\/uploads\/2025\/07\/DSC_0143w.jpg\" \/>\n<meta name=\"twitter:card\" content=\"summary_large_image\" \/>\n<script type=\"application\/ld+json\" class=\"yoast-schema-graph\">{\"@context\":\"https:\/\/schema.org\",\"@graph\":[{\"@type\":\"WebPage\",\"@id\":\"https:\/\/slenistrakuose.lt\/rezervacija\/vasarnamiai\/vasarnamis-nr-37\/\",\"url\":\"https:\/\/slenistrakuose.lt\/rezervacija\/vasarnamiai\/vasarnamis-nr-37\/\",\"name\":\"VASARNAMIS NR. 37 - Sl\u0117nis Trakuose\",\"isPartOf\":{\"@id\":\"https:\/\/slenistrakuose.lt\/#website\"},\"primaryImageOfPage\":{\"@id\":\"https:\/\/slenistrakuose.lt\/rezervacija\/vasarnamiai\/vasarnamis-nr-37\/#primaryimage\"},\"image\":{\"@id\":\"https:\/\/slenistrakuose.lt\/rezervacija\/vasarnamiai\/vasarnamis-nr-37\/#primaryimage\"},\"thumbnailUrl\":\"https:\/\/slenistrakuose.lt\/wp-content\/uploads\/2025\/07\/DSC_0143w.jpg\",\"datePublished\":\"2023-11-20T11:09:01+00:00\",\"dateModified\":\"2025-07-30T14:29:16+00:00\",\"breadcrumb\":{\"@id\":\"https:\/\/slenistrakuose.lt\/rezervacija\/vasarnamiai\/vasarnamis-nr-37\/#breadcrumb\"},\"inLanguage\":\"en-US\",\"potentialAction\":[{\"@type\":\"ReadAction\",\"target\":[\"https:\/\/slenistrakuose.lt\/rezervacija\/vasarnamiai\/vasarnamis-nr-37\/\"]}]},{\"@type\":\"ImageObject\",\"inLanguage\":\"en-US\",\"@id\":\"https:\/\/slenistrakuose.lt\/rezervacija\/vasarnamiai\/vasarnamis-nr-37\/#primaryimage\",\"url\":\"https:\/\/slenistrakuose.lt\/wp-content\/uploads\/2025\/07\/DSC_0143w.jpg\",\"contentUrl\":\"https:\/\/slenistrakuose.lt\/wp-content\/uploads\/2025\/07\/DSC_0143w.jpg\"},{\"@type\":\"BreadcrumbList\",\"@id\":\"https:\/\/slenistrakuose.lt\/rezervacija\/vasarnamiai\/vasarnamis-nr-37\/#breadcrumb\",\"itemListElement\":[{\"@type\":\"ListItem\",\"position\":1,\"name\":\"Home\",\"item\":\"https:\/\/slenistrakuose.lt\/\"},{\"@type\":\"ListItem\",\"position\":2,\"name\":\"Kambariai\",\"item\":\"https:\/\/slenistrakuose.lt\/rezervacija\/\"},{\"@type\":\"ListItem\",\"position\":3,\"name\":\"Paunksm\u0117s vasarnamiai\",\"item\":\"https:\/\/slenistrakuose.lt\/rezervacija\/vasarnamiai\/\"},{\"@type\":\"ListItem\",\"position\":4,\"name\":\"VASARNAMIS NR. 37\"}]},{\"@type\":\"WebSite\",\"@id\":\"https:\/\/slenistrakuose.lt\/#website\",\"url\":\"https:\/\/slenistrakuose.lt\/\",\"name\":\"Sl\u0117nis Trakuose\",\"description\":\"Gamtoje, kaip namuose\",\"publisher\":{\"@id\":\"https:\/\/slenistrakuose.lt\/#organization\"},\"potentialAction\":[{\"@type\":\"SearchAction\",\"target\":{\"@type\":\"EntryPoint\",\"urlTemplate\":\"https:\/\/slenistrakuose.lt\/?s={search_term_string}\"},\"query-input\":{\"@type\":\"PropertyValueSpecification\",\"valueRequired\":true,\"valueName\":\"search_term_string\"}}],\"inLanguage\":\"en-US\"},{\"@type\":\"Organization\",\"@id\":\"https:\/\/slenistrakuose.lt\/#organization\",\"name\":\"Sl\u0117nis Trakuose\",\"url\":\"https:\/\/slenistrakuose.lt\/\",\"logo\":{\"@type\":\"ImageObject\",\"inLanguage\":\"en-US\",\"@id\":\"https:\/\/slenistrakuose.lt\/#\/schema\/logo\/image\/\",\"url\":\"https:\/\/slenistrakuose.lt\/wp-content\/uploads\/2023\/09\/pagrindinis-logotipas-juodas-SVG-1.svg\",\"contentUrl\":\"https:\/\/slenistrakuose.lt\/wp-content\/uploads\/2023\/09\/pagrindinis-logotipas-juodas-SVG-1.svg\",\"width\":64,\"height\":82,\"caption\":\"Sl\u0117nis Trakuose\"},\"image\":{\"@id\":\"https:\/\/slenistrakuose.lt\/#\/schema\/logo\/image\/\"},\"sameAs\":[\"https:\/\/www.facebook.com\/trakaivalley\"]}]}<\/script>\n<!-- \/ Yoast SEO plugin. -->","yoast_head_json":{"title":"VASARNAMIS NR. 37 - Sl\u0117nis Trakuose","robots":{"index":"index","follow":"follow","max-snippet":"max-snippet:-1","max-image-preview":"max-image-preview:large","max-video-preview":"max-video-preview:-1"},"canonical":"https:\/\/slenistrakuose.lt\/en\/rezervacija\/vasarnamiai\/vasarnamis-nr-37\/","og_locale":"en_US","og_type":"article","og_title":"VASARNAMIS NR. 37 - Sl\u0117nis Trakuose","og_description":"Nuo 2 iki 4 asmen\u0173 Vie\u0161ieji du\u0161ai\/WC Krep\u0161inis\/ Futbolas Privatus papl\u016bdimys &#8230;&#8230;. Nedideli privat\u016bs vasarnamiai, kuriuose apgyvendinti galime nuo 2 iki 6 asmen\u0173.Kiekviename vasranamyje rasite balt\u0105 \u0161vari\u0105 patalyn\u0119, arbatin\u012f, puodelius, stiklines.Vasranamiuose n\u0117ra du\u0161\u0173, WC \u2013 apsistoj\u0119 vasarnamiuose gal\u0117site naudotis vie\u0161aisiais du\u0161ais ir WC, \u012fsik\u016brusiais \u0161alia vasranami\u0173. REZERVUOTI SKAMBINTI SKAMBINTI","og_url":"https:\/\/slenistrakuose.lt\/en\/rezervacija\/vasarnamiai\/vasarnamis-nr-37\/","og_site_name":"Sl\u0117nis Trakuose","article_publisher":"https:\/\/www.facebook.com\/trakaivalley","article_modified_time":"2025-07-30T14:29:16+00:00","og_image":[{"url":"https:\/\/slenistrakuose.lt\/wp-content\/uploads\/2025\/07\/DSC_0143w.jpg","type":"","width":"","height":""}],"twitter_card":"summary_large_image","schema":{"@context":"https:\/\/schema.org","@graph":[{"@type":"WebPage","@id":"https:\/\/slenistrakuose.lt\/rezervacija\/vasarnamiai\/vasarnamis-nr-37\/","url":"https:\/\/slenistrakuose.lt\/rezervacija\/vasarnamiai\/vasarnamis-nr-37\/","name":"VASARNAMIS NR. 37 - Sl\u0117nis Trakuose","isPartOf":{"@id":"https:\/\/slenistrakuose.lt\/#website"},"primaryImageOfPage":{"@id":"https:\/\/slenistrakuose.lt\/rezervacija\/vasarnamiai\/vasarnamis-nr-37\/#primaryimage"},"image":{"@id":"https:\/\/slenistrakuose.lt\/rezervacija\/vasarnamiai\/vasarnamis-nr-37\/#primaryimage"},"thumbnailUrl":"https:\/\/slenistrakuose.lt\/wp-content\/uploads\/2025\/07\/DSC_0143w.jpg","datePublished":"2023-11-20T11:09:01+00:00","dateModified":"2025-07-30T14:29:16+00:00","breadcrumb":{"@id":"https:\/\/slenistrakuose.lt\/rezervacija\/vasarnamiai\/vasarnamis-nr-37\/#breadcrumb"},"inLanguage":"en-US","potentialAction":[{"@type":"ReadAction","target":["https:\/\/slenistrakuose.lt\/rezervacija\/vasarnamiai\/vasarnamis-nr-37\/"]}]},{"@type":"ImageObject","inLanguage":"en-US","@id":"https:\/\/slenistrakuose.lt\/rezervacija\/vasarnamiai\/vasarnamis-nr-37\/#primaryimage","url":"https:\/\/slenistrakuose.lt\/wp-content\/uploads\/2025\/07\/DSC_0143w.jpg","contentUrl":"https:\/\/slenistrakuose.lt\/wp-content\/uploads\/2025\/07\/DSC_0143w.jpg"},{"@type":"BreadcrumbList","@id":"https:\/\/slenistrakuose.lt\/rezervacija\/vasarnamiai\/vasarnamis-nr-37\/#breadcrumb","itemListElement":[{"@type":"ListItem","position":1,"name":"Home","item":"https:\/\/slenistrakuose.lt\/"},{"@type":"ListItem","position":2,"name":"Kambariai","item":"https:\/\/slenistrakuose.lt\/rezervacija\/"},{"@type":"ListItem","position":3,"name":"Paunksm\u0117s vasarnamiai","item":"https:\/\/slenistrakuose.lt\/rezervacija\/vasarnamiai\/"},{"@type":"ListItem","position":4,"name":"VASARNAMIS NR. 37"}]},{"@type":"WebSite","@id":"https:\/\/slenistrakuose.lt\/#website","url":"https:\/\/slenistrakuose.lt\/","name":"Valley in Trakai","description":"Gamtoje, kaip namuose","publisher":{"@id":"https:\/\/slenistrakuose.lt\/#organization"},"potentialAction":[{"@type":"SearchAction","target":{"@type":"EntryPoint","urlTemplate":"https:\/\/slenistrakuose.lt\/?s={search_term_string}"},"query-input":{"@type":"PropertyValueSpecification","valueRequired":true,"valueName":"search_term_string"}}],"inLanguage":"en-US"},{"@type":"Organization","@id":"https:\/\/slenistrakuose.lt\/#organization","name":"Valley in Trakai","url":"https:\/\/slenistrakuose.lt\/","logo":{"@type":"ImageObject","inLanguage":"en-US","@id":"https:\/\/slenistrakuose.lt\/#\/schema\/logo\/image\/","url":"https:\/\/slenistrakuose.lt\/wp-content\/uploads\/2023\/09\/pagrindinis-logotipas-juodas-SVG-1.svg","contentUrl":"https:\/\/slenistrakuose.lt\/wp-content\/uploads\/2023\/09\/pagrindinis-logotipas-juodas-SVG-1.svg","width":64,"height":82,"caption":"Sl\u0117nis Trakuose"},"image":{"@id":"https:\/\/slenistrakuose.lt\/#\/schema\/logo\/image\/"},"sameAs":["https:\/\/www.facebook.com\/trakaivalley"]}]}},"_links":{"self":[{"href":"https:\/\/slenistrakuose.lt\/en\/wp-json\/wp\/v2\/pages\/3569","targetHints":{"allow":["GET"]}}],"collection":[{"href":"https:\/\/slenistrakuose.lt\/en\/wp-json\/wp\/v2\/pages"}],"about":[{"href":"https:\/\/slenistrakuose.lt\/en\/wp-json\/wp\/v2\/types\/page"}],"author":[{"embeddable":true,"href":"https:\/\/slenistrakuose.lt\/en\/wp-json\/wp\/v2\/users\/2"}],"replies":[{"embeddable":true,"href":"https:\/\/slenistrakuose.lt\/en\/wp-json\/wp\/v2\/comments?post=3569"}],"version-history":[{"count":15,"href":"https:\/\/slenistrakuose.lt\/en\/wp-json\/wp\/v2\/pages\/3569\/revisions"}],"predecessor-version":[{"id":6124,"href":"https:\/\/slenistrakuose.lt\/en\/wp-json\/wp\/v2\/pages\/3569\/revisions\/6124"}],"up":[{"embeddable":true,"href":"https:\/\/slenistrakuose.lt\/en\/wp-json\/wp\/v2\/pages\/3515"}],"wp:attachment":[{"href":"https:\/\/slenistrakuose.lt\/en\/wp-json\/wp\/v2\/media?parent=3569"}],"curies":[{"name":"wp","href":"https:\/\/api.w.org\/{rel}","templated":true}]}}