{"id":3218,"date":"2023-11-02T07:35:38","date_gmt":"2023-11-02T07:35:38","guid":{"rendered":"https:\/\/slenistrakuose.lt\/?page_id=3218"},"modified":"2025-08-04T11:12:36","modified_gmt":"2025-08-04T11:12:36","slug":"pliazo-pirtis","status":"publish","type":"page","link":"https:\/\/slenistrakuose.lt\/en\/rezervacija\/pirtis\/pliazo-pirtis\/","title":{"rendered":"Beach sauna"},"content":{"rendered":"<div data-elementor-type=\"wp-page\" data-elementor-id=\"3218\" class=\"elementor elementor-3218\" data-elementor-post-type=\"page\">\n\t\t\t\t\t\t<section class=\"elementor-section elementor-top-section elementor-element elementor-element-2189e360 ct-section-stretched elementor-section-full_width elementor-section-height-min-height elementor-section-content-middle elementor-section-height-default elementor-section-items-middle\" data-id=\"2189e360\" data-element_type=\"section\" data-settings=\"{&quot;background_background&quot;:&quot;classic&quot;}\">\n\t\t\t\t\t\t\t<div class=\"elementor-background-overlay\"><\/div>\n\t\t\t\t\t\t\t<div class=\"elementor-container elementor-column-gap-no\">\n\t\t\t\t\t<div class=\"elementor-column elementor-col-100 elementor-top-column elementor-element elementor-element-6de3f005\" data-id=\"6de3f005\" data-element_type=\"column\">\n\t\t\t<div class=\"elementor-widget-wrap elementor-element-populated\">\n\t\t\t\t\t\t\t<\/div>\n\t\t<\/div>\n\t\t\t\t\t<\/div>\n\t\t<\/section>\n\t\t\t\t<section class=\"elementor-section elementor-top-section elementor-element elementor-element-13b2151 elementor-section-boxed elementor-section-height-default elementor-section-height-default\" data-id=\"13b2151\" data-element_type=\"section\">\n\t\t\t\t\t\t<div class=\"elementor-container elementor-column-gap-default\">\n\t\t\t\t\t<div class=\"elementor-column elementor-col-50 elementor-top-column elementor-element elementor-element-e815a0d elementor-hidden-tablet elementor-hidden-mobile\" data-id=\"e815a0d\" data-element_type=\"column\">\n\t\t\t<div class=\"elementor-widget-wrap elementor-element-populated\">\n\t\t\t\t\t\t<div class=\"elementor-element elementor-element-fd6f16b elementor-pagination-position-inside elementor-arrows-position-inside elementor-widget elementor-widget-image-carousel\" data-id=\"fd6f16b\" data-element_type=\"widget\" data-settings=\"{&quot;slides_to_show&quot;:&quot;1&quot;,&quot;lazyload&quot;:&quot;yes&quot;,&quot;autoplay_speed&quot;:3000,&quot;speed&quot;:1000,&quot;navigation&quot;:&quot;both&quot;,&quot;autoplay&quot;:&quot;yes&quot;,&quot;pause_on_hover&quot;:&quot;yes&quot;,&quot;pause_on_interaction&quot;:&quot;yes&quot;,&quot;infinite&quot;:&quot;yes&quot;,&quot;effect&quot;:&quot;slide&quot;}\" data-widget_type=\"image-carousel.default\">\n\t\t\t\t<div class=\"elementor-widget-container\">\n\t\t\t\t\t<div class=\"elementor-image-carousel-wrapper swiper\" dir=\"ltr\">\n\t\t\t<div class=\"elementor-image-carousel swiper-wrapper\" aria-live=\"off\">\n\t\t\t\t\t\t\t\t<div class=\"swiper-slide\" role=\"group\" aria-roledescription=\"slide\" aria-label=\"1 of 3\"><a data-elementor-open-lightbox=\"yes\" data-elementor-lightbox-slideshow=\"fd6f16b\" data-elementor-lightbox-title=\"f (18)\" data-e-action-hash=\"#elementor-action%3Aaction%3Dlightbox%26settings%3DeyJpZCI6NjQ5OSwidXJsIjoiaHR0cHM6XC9cL3NsZW5pc3RyYWt1b3NlLmx0XC93cC1jb250ZW50XC91cGxvYWRzXC8yMDI1XC8wOFwvZi0xOC1zY2FsZWQuanBnIiwic2xpZGVzaG93IjoiZmQ2ZjE2YiJ9\" href=\"https:\/\/slenistrakuose.lt\/wp-content\/uploads\/2025\/08\/f-18-scaled.jpg\"><figure class=\"swiper-slide-inner\"><img class=\"swiper-slide-image swiper-lazy\" data-src=\"https:\/\/slenistrakuose.lt\/wp-content\/uploads\/2025\/08\/f-18-scaled.jpg\" alt=\"f (18)\" \/><div class=\"swiper-lazy-preloader\"><\/div><\/figure><\/a><\/div><div class=\"swiper-slide\" role=\"group\" aria-roledescription=\"slide\" aria-label=\"2 of 3\"><a data-elementor-open-lightbox=\"yes\" data-elementor-lightbox-slideshow=\"fd6f16b\" data-elementor-lightbox-title=\"DSC_0248w\" data-e-action-hash=\"#elementor-action%3Aaction%3Dlightbox%26settings%3DeyJpZCI6NjQ5NiwidXJsIjoiaHR0cHM6XC9cL3NsZW5pc3RyYWt1b3NlLmx0XC93cC1jb250ZW50XC91cGxvYWRzXC8yMDI1XC8wOFwvRFNDXzAyNDh3LmpwZyIsInNsaWRlc2hvdyI6ImZkNmYxNmIifQ%3D%3D\" href=\"https:\/\/slenistrakuose.lt\/wp-content\/uploads\/2025\/08\/DSC_0248w.jpg\"><figure class=\"swiper-slide-inner\"><img class=\"swiper-slide-image swiper-lazy\" data-src=\"https:\/\/slenistrakuose.lt\/wp-content\/uploads\/2025\/08\/DSC_0248w.jpg\" alt=\"DSC_0248w\" \/><div class=\"swiper-lazy-preloader\"><\/div><\/figure><\/a><\/div><div class=\"swiper-slide\" role=\"group\" aria-roledescription=\"slide\" aria-label=\"3 of 3\"><a data-elementor-open-lightbox=\"yes\" data-elementor-lightbox-slideshow=\"fd6f16b\" data-elementor-lightbox-title=\"DSC_0267w\" data-e-action-hash=\"#elementor-action%3Aaction%3Dlightbox%26settings%3DeyJpZCI6NjQ5OCwidXJsIjoiaHR0cHM6XC9cL3NsZW5pc3RyYWt1b3NlLmx0XC93cC1jb250ZW50XC91cGxvYWRzXC8yMDI1XC8wOFwvRFNDXzAyNjd3LmpwZyIsInNsaWRlc2hvdyI6ImZkNmYxNmIifQ%3D%3D\" href=\"https:\/\/slenistrakuose.lt\/wp-content\/uploads\/2025\/08\/DSC_0267w.jpg\"><figure class=\"swiper-slide-inner\"><img class=\"swiper-slide-image swiper-lazy\" data-src=\"https:\/\/slenistrakuose.lt\/wp-content\/uploads\/2025\/08\/DSC_0267w.jpg\" alt=\"DSC_0267w\" \/><div class=\"swiper-lazy-preloader\"><\/div><\/figure><\/a><\/div>\t\t\t<\/div>\n\t\t\t\t\t\t\t\t\t\t\t\t<div class=\"elementor-swiper-button elementor-swiper-button-prev\" role=\"button\" tabindex=\"0\">\n\t\t\t\t\t\t<i aria-hidden=\"true\" class=\"eicon-chevron-left\"><\/i>\t\t\t\t\t<\/div>\n\t\t\t\t\t<div class=\"elementor-swiper-button elementor-swiper-button-next\" role=\"button\" tabindex=\"0\">\n\t\t\t\t\t\t<i aria-hidden=\"true\" class=\"eicon-chevron-right\"><\/i>\t\t\t\t\t<\/div>\n\t\t\t\t\n\t\t\t\t\t\t\t\t\t<div class=\"swiper-pagination\"><\/div>\n\t\t\t\t\t\t\t\t\t<\/div>\n\t\t\t\t<\/div>\n\t\t\t\t<\/div>\n\t\t\t\t\t<\/div>\n\t\t<\/div>\n\t\t\t\t<div class=\"elementor-column elementor-col-50 elementor-top-column elementor-element elementor-element-5784097\" data-id=\"5784097\" data-element_type=\"column\">\n\t\t\t<div class=\"elementor-widget-wrap elementor-element-populated\">\n\t\t\t\t\t\t<div class=\"elementor-element elementor-element-0407cae elementor-icon-list--layout-inline elementor-list-item-link-inline elementor-tablet-align-center elementor-widget elementor-widget-icon-list\" data-id=\"0407cae\" data-element_type=\"widget\" data-widget_type=\"icon-list.default\">\n\t\t\t\t<div class=\"elementor-widget-container\">\n\t\t\t\t\t<ul class=\"elementor-icon-list-items elementor-inline-items\">\n\t\t\t\t\t\t\t<li class=\"elementor-icon-list-item elementor-inline-item\">\n\t\t\t\t\t\t\t\t\t\t<span class=\"elementor-icon-list-text\"><svg class=\"bk-icon -streamline-lake_view\" fill=\"\" size=\"medium\" width=\"16\" height=\"16\" viewbox=\"0 0 24 24\"><path d=\"M22.938 20.942a3.667 3.667 0 0 1-1.867-1.169.75.75 0 0 0-1.148.008 3.42 3.42 0 0 1-2.46 1.23c-.882-.048-1.774-.494-2.386-1.23a.75.75 0 0 0-1.154 0 3.42 3.42 0 0 1-2.46 1.23c-.882-.048-1.774-.494-2.386-1.23a.75.75 0 0 0-1.154 0 3.42 3.42 0 0 1-2.46 1.23c-.882-.048-1.774-.494-2.386-1.23a.75.75 0 0 0-1.147-.008c-.489.572-1.14.98-1.868 1.17a.75.75 0 1 0 .376 1.45 5.167 5.167 0 0 0 2.633-1.646l-1.148-.008a4.92 4.92 0 0 0 3.54 1.77c1.45-.068 2.734-.71 3.614-1.77H7.923a4.92 4.92 0 0 0 3.54 1.77c1.45-.068 2.734-.71 3.614-1.77h-1.154a4.92 4.92 0 0 0 3.54 1.77c1.45-.068 2.734-.71 3.614-1.77l-1.148.008a5.167 5.167 0 0 0 2.633 1.647.75.75 0 1 0 .376-1.452zm-5.54-12.345l3.937 3.937a.75.75 0 1 0 1.06-1.06l-3.937-3.937a.75.75 0 1 0-1.06 1.06zm3.852 8.663a6.493 6.493 0 0 0-1.902-4.59L13.97 7.29a.75.75 0 0 1 1.062-1.06l2.367 2.367a3 3 0 1 0 4.242-4.242 2.95 2.95 0 0 0-2.263-.86 1.523 1.523 0 0 1-1.164-.446 5.25 5.25 0 1 0-7.425 7.423l1.924 1.924a.65.65 0 0 1-.459 1.114H9.25c-1.995 0-4.733-1.435-7.458-3.485A1.432 1.432 0 0 0-.5 11.168a12.666 12.666 0 0 0 1.594 6.456.75.75 0 1 0 1.312-.728A11.184 11.184 0 0 1 1 11.187c0-.002-.005.012-.014.024a.068.068 0 0 1-.095.013C3.87 13.465 6.817 15.01 9.25 15.01h3a2.15 2.15 0 0 0 1.52-3.676l-1.922-1.922a3.75 3.75 0 0 1 5.304-5.304c.608.611 1.45.933 2.313.884a1.45 1.45 0 0 1 1.114.423 1.5 1.5 0 1 1-2.12 2.122L16.09 5.17v-.001a2.25 2.25 0 0 0-3.183 3.181l5.38 5.38a4.993 4.993 0 0 1 1.462 3.53.75.75 0 0 0 1.5 0z\"><\/path><\/svg> View of the lake<\/span>\n\t\t\t\t\t\t\t\t\t<\/li>\n\t\t\t\t\t\t\t\t<li class=\"elementor-icon-list-item elementor-inline-item\">\n\t\t\t\t\t\t\t\t\t\t<span class=\"elementor-icon-list-text\"><svg class=\"bk-icon -streamline-resort\" fill=\"\" size=\"medium\" width=\"16\" height=\"16\" viewbox=\"0 0 24 24\"><path d=\"M.768 11.413l1.5 6.75a.75.75 0 0 0 1.464-.326l-1.5-6.75a.75.75 0 0 0-1.464.326zM2.22 23.456l1.5-5.25L3 18.75h3a.75.75 0 0 1 .75.75v3.75a.75.75 0 0 0 1.5 0V19.5A2.25 2.25 0 0 0 6 17.25H3a.75.75 0 0 0-.721.544l-1.5 5.25a.75.75 0 1 0 1.442.412zm19.547-12.369l-1.5 6.75a.75.75 0 1 0 1.464.326l1.5-6.75a.75.75 0 1 0-1.464-.326zm1.453 11.957l-1.5-5.25A.75.75 0 0 0 21 17.25h-3a2.25 2.25 0 0 0-2.25 2.25v3.75a.75.75 0 0 0 1.5 0V19.5a.75.75 0 0 1 .75-.75h3l-.721-.544 1.5 5.25a.75.75 0 1 0 1.442-.412zM11.25 6.75v16.5a.75.75 0 0 0 1.5 0V6.75a.75.75 0 0 0-1.5 0zm-4.5 7.5h10.5a.75.75 0 0 0 0-1.5H6.75a.75.75 0 0 0 0 1.5zM1.5 6l10.064-4.37c.297-.161.575-.161.803-.033l10.178 4.425L22.5 6H1.5zm0 1.5h21a1.5 1.5 0 0 0 .689-2.832L13.034.255c-.616-.35-1.452-.35-2.136.034L.858 4.646c-.544.28-.856.792-.857 1.352A1.5 1.5 0 0 0 1.499 7.5z\"><\/path><\/svg> Balcony \/ Terrace<\/span>\n\t\t\t\t\t\t\t\t\t<\/li>\n\t\t\t\t\t\t\t\t<li class=\"elementor-icon-list-item elementor-inline-item\">\n\t\t\t\t\t\t\t\t\t\t<span class=\"elementor-icon-list-text\"><svg class=\"bk-icon -streamline-food_bbq\" fill=\"\" size=\"medium\" width=\"16\" height=\"16\" viewbox=\"0 0 24 24\"><path d=\"M17.633 9.75a.384.384 0 0 1 .38.457c-.726 3.298-4.007 5.394-7.324 4.664a6.15 6.15 0 0 1-4.684-4.683.379.379 0 0 1 .384-.438h11.236zm-.008-1.5H6.4a1.882 1.882 0 0 0-1.863 2.243 7.65 7.65 0 0 0 14.945.018 1.884 1.884 0 0 0-1.865-2.26zm2.58 14.742l-3.268-8.923a.75.75 0 0 0-1.408.516l3.267 8.923a.75.75 0 0 0 1.408-.516zm-15 .516l3.266-8.923a.75.75 0 0 0-1.408-.516l-3.267 8.923a.75.75 0 0 0 1.408.516zM18.401 19.5H5.598a.75.75 0 0 0 0 1.5h12.804a.75.75 0 0 0 0-1.5zM6.321.299l-.62.823a2.333 2.333 0 0 0 .364 3.204.835.835 0 0 1 .126 1.146l-.166.221a.75.75 0 1 0 1.2.9l.162-.216c.754-.987.597-2.4-.36-3.202a.834.834 0 0 1-.13-1.147l.622-.827A.75.75 0 0 0 6.321.3zM11.956.3l-.617.823c-.754.987-.597 2.4.36 3.202.344.287.4.792.129 1.147l-.166.221a.75.75 0 1 0 1.2.9l.162-.216a2.332 2.332 0 0 0-.362-3.202.835.835 0 0 1-.127-1.147l.621-.828a.75.75 0 1 0-1.2-.9zm5.25 0l-.617.823c-.754.987-.597 2.4.36 3.202.344.287.4.792.129 1.147l-.166.221a.75.75 0 1 0 1.2.9l.162-.216a2.332 2.332 0 0 0-.362-3.202.835.835 0 0 1-.127-1.147l.621-.828a.75.75 0 1 0-1.2-.9z\"><\/path><\/svg> Grill<\/span>\n\t\t\t\t\t\t\t\t\t<\/li>\n\t\t\t\t\t\t<\/ul>\n\t\t\t\t<\/div>\n\t\t\t\t<\/div>\n\t\t\t\t<div class=\"elementor-element elementor-element-97b0b8d elementor-pagination-position-inside elementor-hidden-desktop elementor-arrows-position-inside elementor-widget elementor-widget-image-carousel\" data-id=\"97b0b8d\" data-element_type=\"widget\" data-settings=\"{&quot;slides_to_show&quot;:&quot;1&quot;,&quot;lazyload&quot;:&quot;yes&quot;,&quot;autoplay_speed&quot;:3000,&quot;speed&quot;:1000,&quot;navigation&quot;:&quot;both&quot;,&quot;autoplay&quot;:&quot;yes&quot;,&quot;pause_on_hover&quot;:&quot;yes&quot;,&quot;pause_on_interaction&quot;:&quot;yes&quot;,&quot;infinite&quot;:&quot;yes&quot;,&quot;effect&quot;:&quot;slide&quot;}\" data-widget_type=\"image-carousel.default\">\n\t\t\t\t<div class=\"elementor-widget-container\">\n\t\t\t\t\t<div class=\"elementor-image-carousel-wrapper swiper\" dir=\"ltr\">\n\t\t\t<div class=\"elementor-image-carousel swiper-wrapper\" aria-live=\"off\">\n\t\t\t\t\t\t\t\t<div class=\"swiper-slide\" role=\"group\" aria-roledescription=\"slide\" aria-label=\"1 of 2\"><a data-elementor-open-lightbox=\"yes\" data-elementor-lightbox-slideshow=\"97b0b8d\" data-elementor-lightbox-title=\"Papludimio Lt Pirtis\" data-e-action-hash=\"#elementor-action%3Aaction%3Dlightbox%26settings%3DeyJpZCI6MzIwNiwidXJsIjoiaHR0cHM6XC9cL3NsZW5pc3RyYWt1b3NlLmx0XC93cC1jb250ZW50XC91cGxvYWRzXC8yMDIzXC8xMVwvUGFwbHVkaW1pby1MdC1QaXJ0aXMtc2NhbGVkLmpwZyIsInNsaWRlc2hvdyI6Ijk3YjBiOGQifQ%3D%3D\" href=\"https:\/\/slenistrakuose.lt\/wp-content\/uploads\/2023\/11\/Papludimio-Lt-Pirtis-scaled.jpg\"><figure class=\"swiper-slide-inner\"><img class=\"swiper-slide-image swiper-lazy\" data-src=\"https:\/\/slenistrakuose.lt\/wp-content\/uploads\/2023\/11\/Papludimio-Lt-Pirtis-scaled.jpg\" alt=\"Papludimio Lt Pirtis\" \/><div class=\"swiper-lazy-preloader\"><\/div><\/figure><\/a><\/div><div class=\"swiper-slide\" role=\"group\" aria-roledescription=\"slide\" aria-label=\"2 of 2\"><a data-elementor-open-lightbox=\"yes\" data-elementor-lightbox-slideshow=\"97b0b8d\" data-elementor-lightbox-title=\"259843633\" data-e-action-hash=\"#elementor-action%3Aaction%3Dlightbox%26settings%3DeyJpZCI6MzIwNywidXJsIjoiaHR0cHM6XC9cL3NsZW5pc3RyYWt1b3NlLmx0XC93cC1jb250ZW50XC91cGxvYWRzXC8yMDIzXC8xMVwvMjU5ODQzNjMzLmpwZyIsInNsaWRlc2hvdyI6Ijk3YjBiOGQifQ%3D%3D\" href=\"https:\/\/slenistrakuose.lt\/wp-content\/uploads\/2023\/11\/259843633.jpg\"><figure class=\"swiper-slide-inner\"><img class=\"swiper-slide-image swiper-lazy\" data-src=\"https:\/\/slenistrakuose.lt\/wp-content\/uploads\/2023\/11\/259843633.jpg\" alt=\"PLIAZAS\" \/><div class=\"swiper-lazy-preloader\"><\/div><\/figure><\/a><\/div>\t\t\t<\/div>\n\t\t\t\t\t\t\t\t\t\t\t\t<div class=\"elementor-swiper-button elementor-swiper-button-prev\" role=\"button\" tabindex=\"0\">\n\t\t\t\t\t\t<i aria-hidden=\"true\" class=\"eicon-chevron-left\"><\/i>\t\t\t\t\t<\/div>\n\t\t\t\t\t<div class=\"elementor-swiper-button elementor-swiper-button-next\" role=\"button\" tabindex=\"0\">\n\t\t\t\t\t\t<i aria-hidden=\"true\" class=\"eicon-chevron-right\"><\/i>\t\t\t\t\t<\/div>\n\t\t\t\t\n\t\t\t\t\t\t\t\t\t<div class=\"swiper-pagination\"><\/div>\n\t\t\t\t\t\t\t\t\t<\/div>\n\t\t\t\t<\/div>\n\t\t\t\t<\/div>\n\t\t\t\t<section class=\"elementor-section elementor-inner-section elementor-element elementor-element-e528ecd elementor-section-boxed elementor-section-height-default elementor-section-height-default\" data-id=\"e528ecd\" data-element_type=\"section\">\n\t\t\t\t\t\t<div class=\"elementor-container elementor-column-gap-default\">\n\t\t\t\t\t<div class=\"elementor-column elementor-col-50 elementor-inner-column elementor-element elementor-element-26cd215\" data-id=\"26cd215\" data-element_type=\"column\">\n\t\t\t<div class=\"elementor-widget-wrap elementor-element-populated\">\n\t\t\t\t\t\t<div class=\"elementor-element elementor-element-b429d9b elementor-mobile-align-center elementor-align-left elementor-tablet-align-center elementor-widget elementor-widget-button\" data-id=\"b429d9b\" data-element_type=\"widget\" data-widget_type=\"button.default\">\n\t\t\t\t<div class=\"elementor-widget-container\">\n\t\t\t\t\t\t\t<div class=\"elementor-button-wrapper\">\n\t\t\t\t\t<a class=\"elementor-button elementor-button-link elementor-size-sm\" href=\"https:\/\/www.booking.com\/hotel\/lt\/slenis.lt.html\" target=\"_blank\">\n\t\t\t\t\t\t<span class=\"elementor-button-content-wrapper\">\n\t\t\t\t\t\t\t\t\t<span class=\"elementor-button-text\">BOOK<\/span>\n\t\t\t\t\t<\/span>\n\t\t\t\t\t<\/a>\n\t\t\t\t<\/div>\n\t\t\t\t\t\t<\/div>\n\t\t\t\t<\/div>\n\t\t\t\t<div class=\"elementor-element elementor-element-a428535 elementor-mobile-align-center elementor-align-left elementor-tablet-align-center elementor-hidden-desktop elementor-widget elementor-widget-button\" data-id=\"a428535\" data-element_type=\"widget\" data-widget_type=\"button.default\">\n\t\t\t\t<div class=\"elementor-widget-container\">\n\t\t\t\t\t\t\t<div class=\"elementor-button-wrapper\">\n\t\t\t\t\t<a class=\"elementor-button elementor-button-link elementor-size-sm\" href=\"tel:+37068611136\" target=\"_blank\">\n\t\t\t\t\t\t<span class=\"elementor-button-content-wrapper\">\n\t\t\t\t\t\t\t\t\t<span class=\"elementor-button-text\">SCAM<\/span>\n\t\t\t\t\t<\/span>\n\t\t\t\t\t<\/a>\n\t\t\t\t<\/div>\n\t\t\t\t\t\t<\/div>\n\t\t\t\t<\/div>\n\t\t\t\t\t<\/div>\n\t\t<\/div>\n\t\t\t\t<div class=\"elementor-column elementor-col-50 elementor-inner-column elementor-element elementor-element-46fc7ed\" data-id=\"46fc7ed\" data-element_type=\"column\">\n\t\t\t<div class=\"elementor-widget-wrap elementor-element-populated\">\n\t\t\t\t\t\t<div class=\"elementor-element elementor-element-2c51b46 elementor-mobile-align-center elementor-align-left elementor-tablet-align-center elementor-hidden-tablet elementor-hidden-mobile elementor-widget elementor-widget-button\" data-id=\"2c51b46\" data-element_type=\"widget\" data-widget_type=\"button.default\">\n\t\t\t\t<div class=\"elementor-widget-container\">\n\t\t\t\t\t\t\t<div class=\"elementor-button-wrapper\">\n\t\t\t\t\t<a class=\"elementor-button elementor-button-link elementor-size-sm\" href=\"tel:+37068611136\" target=\"_blank\">\n\t\t\t\t\t\t<span class=\"elementor-button-content-wrapper\">\n\t\t\t\t\t\t\t\t\t<span class=\"elementor-button-text\">SCAM<\/span>\n\t\t\t\t\t<\/span>\n\t\t\t\t\t<\/a>\n\t\t\t\t<\/div>\n\t\t\t\t\t\t<\/div>\n\t\t\t\t<\/div>\n\t\t\t\t\t<\/div>\n\t\t<\/div>\n\t\t\t\t\t<\/div>\n\t\t<\/section>\n\t\t\t\t\t<\/div>\n\t\t<\/div>\n\t\t\t\t\t<\/div>\n\t\t<\/section>\n\t\t\t\t<\/div>","protected":false},"excerpt":{"rendered":"<p>Vaizdas \u012f e\u017eer\u0105 Kiemelis \/ Terasa Kepsnin\u0117 REZERVUOTI SKAMBINTI SKAMBINTI<\/p>","protected":false},"author":2,"featured_media":0,"parent":3203,"menu_order":0,"comment_status":"closed","ping_status":"closed","template":"elementor_header_footer","meta":{"footnotes":""},"class_list":["post-3218","page","type-page","status-publish","hentry"],"blocksy_meta":[],"yoast_head":"<!-- This site is optimized with the Yoast SEO plugin v25.9 - https:\/\/yoast.com\/wordpress\/plugins\/seo\/ -->\n<title>Papl\u016bdimio PIRTIS - Sl\u0117nis Trakuose<\/title>\n<meta name=\"robots\" content=\"index, follow, max-snippet:-1, max-image-preview:large, max-video-preview:-1\" \/>\n<link rel=\"canonical\" href=\"https:\/\/slenistrakuose.lt\/en\/rezervacija\/pirtis\/pliazo-pirtis\/\" \/>\n<meta property=\"og:locale\" content=\"en_US\" \/>\n<meta property=\"og:type\" content=\"article\" \/>\n<meta property=\"og:title\" content=\"Papl\u016bdimio PIRTIS - Sl\u0117nis Trakuose\" \/>\n<meta property=\"og:description\" content=\"Vaizdas \u012f e\u017eer\u0105 Kiemelis \/ Terasa Kepsnin\u0117 REZERVUOTI SKAMBINTI SKAMBINTI\" \/>\n<meta property=\"og:url\" content=\"https:\/\/slenistrakuose.lt\/en\/rezervacija\/pirtis\/pliazo-pirtis\/\" \/>\n<meta property=\"og:site_name\" content=\"Sl\u0117nis Trakuose\" \/>\n<meta property=\"article:publisher\" content=\"https:\/\/www.facebook.com\/trakaivalley\" \/>\n<meta property=\"article:modified_time\" content=\"2025-08-04T11:12:36+00:00\" \/>\n<meta property=\"og:image\" content=\"https:\/\/slenistrakuose.lt\/wp-content\/uploads\/2025\/08\/f-18-scaled.jpg\" \/>\n<meta name=\"twitter:card\" content=\"summary_large_image\" \/>\n<script type=\"application\/ld+json\" class=\"yoast-schema-graph\">{\"@context\":\"https:\/\/schema.org\",\"@graph\":[{\"@type\":\"WebPage\",\"@id\":\"https:\/\/slenistrakuose.lt\/rezervacija\/pirtis\/pliazo-pirtis\/\",\"url\":\"https:\/\/slenistrakuose.lt\/rezervacija\/pirtis\/pliazo-pirtis\/\",\"name\":\"Papl\u016bdimio PIRTIS - Sl\u0117nis Trakuose\",\"isPartOf\":{\"@id\":\"https:\/\/slenistrakuose.lt\/#website\"},\"primaryImageOfPage\":{\"@id\":\"https:\/\/slenistrakuose.lt\/rezervacija\/pirtis\/pliazo-pirtis\/#primaryimage\"},\"image\":{\"@id\":\"https:\/\/slenistrakuose.lt\/rezervacija\/pirtis\/pliazo-pirtis\/#primaryimage\"},\"thumbnailUrl\":\"https:\/\/slenistrakuose.lt\/wp-content\/uploads\/2025\/08\/f-18-scaled.jpg\",\"datePublished\":\"2023-11-02T07:35:38+00:00\",\"dateModified\":\"2025-08-04T11:12:36+00:00\",\"breadcrumb\":{\"@id\":\"https:\/\/slenistrakuose.lt\/rezervacija\/pirtis\/pliazo-pirtis\/#breadcrumb\"},\"inLanguage\":\"en-US\",\"potentialAction\":[{\"@type\":\"ReadAction\",\"target\":[\"https:\/\/slenistrakuose.lt\/rezervacija\/pirtis\/pliazo-pirtis\/\"]}]},{\"@type\":\"ImageObject\",\"inLanguage\":\"en-US\",\"@id\":\"https:\/\/slenistrakuose.lt\/rezervacija\/pirtis\/pliazo-pirtis\/#primaryimage\",\"url\":\"https:\/\/slenistrakuose.lt\/wp-content\/uploads\/2025\/08\/f-18-scaled.jpg\",\"contentUrl\":\"https:\/\/slenistrakuose.lt\/wp-content\/uploads\/2025\/08\/f-18-scaled.jpg\"},{\"@type\":\"BreadcrumbList\",\"@id\":\"https:\/\/slenistrakuose.lt\/rezervacija\/pirtis\/pliazo-pirtis\/#breadcrumb\",\"itemListElement\":[{\"@type\":\"ListItem\",\"position\":1,\"name\":\"Home\",\"item\":\"https:\/\/slenistrakuose.lt\/\"},{\"@type\":\"ListItem\",\"position\":2,\"name\":\"Kambariai\",\"item\":\"https:\/\/slenistrakuose.lt\/rezervacija\/\"},{\"@type\":\"ListItem\",\"position\":3,\"name\":\"Pirtys\",\"item\":\"https:\/\/slenistrakuose.lt\/rezervacija\/pirtis\/\"},{\"@type\":\"ListItem\",\"position\":4,\"name\":\"Papl\u016bdimio PIRTIS\"}]},{\"@type\":\"WebSite\",\"@id\":\"https:\/\/slenistrakuose.lt\/#website\",\"url\":\"https:\/\/slenistrakuose.lt\/\",\"name\":\"Sl\u0117nis Trakuose\",\"description\":\"Gamtoje, kaip namuose\",\"publisher\":{\"@id\":\"https:\/\/slenistrakuose.lt\/#organization\"},\"potentialAction\":[{\"@type\":\"SearchAction\",\"target\":{\"@type\":\"EntryPoint\",\"urlTemplate\":\"https:\/\/slenistrakuose.lt\/?s={search_term_string}\"},\"query-input\":{\"@type\":\"PropertyValueSpecification\",\"valueRequired\":true,\"valueName\":\"search_term_string\"}}],\"inLanguage\":\"en-US\"},{\"@type\":\"Organization\",\"@id\":\"https:\/\/slenistrakuose.lt\/#organization\",\"name\":\"Sl\u0117nis Trakuose\",\"url\":\"https:\/\/slenistrakuose.lt\/\",\"logo\":{\"@type\":\"ImageObject\",\"inLanguage\":\"en-US\",\"@id\":\"https:\/\/slenistrakuose.lt\/#\/schema\/logo\/image\/\",\"url\":\"https:\/\/slenistrakuose.lt\/wp-content\/uploads\/2023\/09\/pagrindinis-logotipas-juodas-SVG-1.svg\",\"contentUrl\":\"https:\/\/slenistrakuose.lt\/wp-content\/uploads\/2023\/09\/pagrindinis-logotipas-juodas-SVG-1.svg\",\"width\":64,\"height\":82,\"caption\":\"Sl\u0117nis Trakuose\"},\"image\":{\"@id\":\"https:\/\/slenistrakuose.lt\/#\/schema\/logo\/image\/\"},\"sameAs\":[\"https:\/\/www.facebook.com\/trakaivalley\"]}]}<\/script>\n<!-- \/ Yoast SEO plugin. -->","yoast_head_json":{"title":"Papl\u016bdimio PIRTIS - Sl\u0117nis Trakuose","robots":{"index":"index","follow":"follow","max-snippet":"max-snippet:-1","max-image-preview":"max-image-preview:large","max-video-preview":"max-video-preview:-1"},"canonical":"https:\/\/slenistrakuose.lt\/en\/rezervacija\/pirtis\/pliazo-pirtis\/","og_locale":"en_US","og_type":"article","og_title":"Papl\u016bdimio PIRTIS - Sl\u0117nis Trakuose","og_description":"Vaizdas \u012f e\u017eer\u0105 Kiemelis \/ Terasa Kepsnin\u0117 REZERVUOTI SKAMBINTI SKAMBINTI","og_url":"https:\/\/slenistrakuose.lt\/en\/rezervacija\/pirtis\/pliazo-pirtis\/","og_site_name":"Sl\u0117nis Trakuose","article_publisher":"https:\/\/www.facebook.com\/trakaivalley","article_modified_time":"2025-08-04T11:12:36+00:00","og_image":[{"url":"https:\/\/slenistrakuose.lt\/wp-content\/uploads\/2025\/08\/f-18-scaled.jpg","type":"","width":"","height":""}],"twitter_card":"summary_large_image","schema":{"@context":"https:\/\/schema.org","@graph":[{"@type":"WebPage","@id":"https:\/\/slenistrakuose.lt\/rezervacija\/pirtis\/pliazo-pirtis\/","url":"https:\/\/slenistrakuose.lt\/rezervacija\/pirtis\/pliazo-pirtis\/","name":"Papl\u016bdimio PIRTIS - Sl\u0117nis Trakuose","isPartOf":{"@id":"https:\/\/slenistrakuose.lt\/#website"},"primaryImageOfPage":{"@id":"https:\/\/slenistrakuose.lt\/rezervacija\/pirtis\/pliazo-pirtis\/#primaryimage"},"image":{"@id":"https:\/\/slenistrakuose.lt\/rezervacija\/pirtis\/pliazo-pirtis\/#primaryimage"},"thumbnailUrl":"https:\/\/slenistrakuose.lt\/wp-content\/uploads\/2025\/08\/f-18-scaled.jpg","datePublished":"2023-11-02T07:35:38+00:00","dateModified":"2025-08-04T11:12:36+00:00","breadcrumb":{"@id":"https:\/\/slenistrakuose.lt\/rezervacija\/pirtis\/pliazo-pirtis\/#breadcrumb"},"inLanguage":"en-US","potentialAction":[{"@type":"ReadAction","target":["https:\/\/slenistrakuose.lt\/rezervacija\/pirtis\/pliazo-pirtis\/"]}]},{"@type":"ImageObject","inLanguage":"en-US","@id":"https:\/\/slenistrakuose.lt\/rezervacija\/pirtis\/pliazo-pirtis\/#primaryimage","url":"https:\/\/slenistrakuose.lt\/wp-content\/uploads\/2025\/08\/f-18-scaled.jpg","contentUrl":"https:\/\/slenistrakuose.lt\/wp-content\/uploads\/2025\/08\/f-18-scaled.jpg"},{"@type":"BreadcrumbList","@id":"https:\/\/slenistrakuose.lt\/rezervacija\/pirtis\/pliazo-pirtis\/#breadcrumb","itemListElement":[{"@type":"ListItem","position":1,"name":"Home","item":"https:\/\/slenistrakuose.lt\/"},{"@type":"ListItem","position":2,"name":"Kambariai","item":"https:\/\/slenistrakuose.lt\/rezervacija\/"},{"@type":"ListItem","position":3,"name":"Pirtys","item":"https:\/\/slenistrakuose.lt\/rezervacija\/pirtis\/"},{"@type":"ListItem","position":4,"name":"Papl\u016bdimio PIRTIS"}]},{"@type":"WebSite","@id":"https:\/\/slenistrakuose.lt\/#website","url":"https:\/\/slenistrakuose.lt\/","name":"Valley in Trakai","description":"Gamtoje, kaip namuose","publisher":{"@id":"https:\/\/slenistrakuose.lt\/#organization"},"potentialAction":[{"@type":"SearchAction","target":{"@type":"EntryPoint","urlTemplate":"https:\/\/slenistrakuose.lt\/?s={search_term_string}"},"query-input":{"@type":"PropertyValueSpecification","valueRequired":true,"valueName":"search_term_string"}}],"inLanguage":"en-US"},{"@type":"Organization","@id":"https:\/\/slenistrakuose.lt\/#organization","name":"Valley in Trakai","url":"https:\/\/slenistrakuose.lt\/","logo":{"@type":"ImageObject","inLanguage":"en-US","@id":"https:\/\/slenistrakuose.lt\/#\/schema\/logo\/image\/","url":"https:\/\/slenistrakuose.lt\/wp-content\/uploads\/2023\/09\/pagrindinis-logotipas-juodas-SVG-1.svg","contentUrl":"https:\/\/slenistrakuose.lt\/wp-content\/uploads\/2023\/09\/pagrindinis-logotipas-juodas-SVG-1.svg","width":64,"height":82,"caption":"Sl\u0117nis Trakuose"},"image":{"@id":"https:\/\/slenistrakuose.lt\/#\/schema\/logo\/image\/"},"sameAs":["https:\/\/www.facebook.com\/trakaivalley"]}]}},"_links":{"self":[{"href":"https:\/\/slenistrakuose.lt\/en\/wp-json\/wp\/v2\/pages\/3218","targetHints":{"allow":["GET"]}}],"collection":[{"href":"https:\/\/slenistrakuose.lt\/en\/wp-json\/wp\/v2\/pages"}],"about":[{"href":"https:\/\/slenistrakuose.lt\/en\/wp-json\/wp\/v2\/types\/page"}],"author":[{"embeddable":true,"href":"https:\/\/slenistrakuose.lt\/en\/wp-json\/wp\/v2\/users\/2"}],"replies":[{"embeddable":true,"href":"https:\/\/slenistrakuose.lt\/en\/wp-json\/wp\/v2\/comments?post=3218"}],"version-history":[{"count":10,"href":"https:\/\/slenistrakuose.lt\/en\/wp-json\/wp\/v2\/pages\/3218\/revisions"}],"predecessor-version":[{"id":6509,"href":"https:\/\/slenistrakuose.lt\/en\/wp-json\/wp\/v2\/pages\/3218\/revisions\/6509"}],"up":[{"embeddable":true,"href":"https:\/\/slenistrakuose.lt\/en\/wp-json\/wp\/v2\/pages\/3203"}],"wp:attachment":[{"href":"https:\/\/slenistrakuose.lt\/en\/wp-json\/wp\/v2\/media?parent=3218"}],"curies":[{"name":"wp","href":"https:\/\/api.w.org\/{rel}","templated":true}]}}