{"id":1379,"date":"2023-07-12T07:51:34","date_gmt":"2023-07-12T07:51:34","guid":{"rendered":"https:\/\/slenistrakuose.lt\/?page_id=1379"},"modified":"2025-01-08T07:50:33","modified_gmt":"2025-01-08T07:50:33","slug":"pinigu-grazinimo-salygos","status":"publish","type":"page","link":"https:\/\/slenistrakuose.lt\/en\/pinigu-grazinimo-salygos\/","title":{"rendered":"Refund conditions"},"content":{"rendered":"<div data-elementor-type=\"wp-page\" data-elementor-id=\"1379\" class=\"elementor elementor-1379\" data-elementor-post-type=\"page\">\n\t\t\t\t\t\t<section class=\"elementor-section elementor-top-section elementor-element elementor-element-c0f4f51 elementor-section-boxed elementor-section-height-default elementor-section-height-default\" data-id=\"c0f4f51\" data-element_type=\"section\">\n\t\t\t\t\t\t<div class=\"elementor-container elementor-column-gap-default\">\n\t\t\t\t\t<div class=\"elementor-column elementor-col-100 elementor-top-column elementor-element elementor-element-a41f0c2\" data-id=\"a41f0c2\" data-element_type=\"column\">\n\t\t\t<div class=\"elementor-widget-wrap elementor-element-populated\">\n\t\t\t\t\t\t<div class=\"elementor-element elementor-element-88bcf1d elementor-widget elementor-widget-text-editor\" data-id=\"88bcf1d\" data-element_type=\"widget\" data-widget_type=\"text-editor.default\">\n\t\t\t\t<div class=\"elementor-widget-container\">\n\t\t\t\t\t\t\t<p><strong>Pinig\u0173 ir preki\u0173 gr\u0105\u017einimo politika:<\/strong><\/p><ul><li>Turite teis\u0119 at\u0161aukti savo u\u017esakym\u0105 prie\u0161 48 valandas nepateikiant jokios prie\u017easties.<\/li><li>Jeigu norite s\u0117kmingai at\u0161aukti u\u017esakym\u0105, turite mus informuoti ir suteikti vis\u0105 reikaling\u0105 informacij\u0105.<\/li><li>Apie u\u017esakymo at\u0161aukim\u0105 turite mus informuoti el. pa\u0161tu <a id=\"OWAe9bc8eaa-f562-7b14-7b45-65fc2ffcf385\" class=\"x_x_OWAAutoLink\" href=\"mailto:labas@slenistrakuose.lt\" data-loopstyle=\"linkonly\">labas@slenistrakuose.lt<\/a>.<\/li><li>Pinigus gr\u0105\u017einsime ne v\u0117liau kaip per 14 dien\u0173, nuo u\u017esakymo at\u0161aukimo. J\u016bs\u0173 pinigai bus gr\u0105\u017einami tokiu pa\u010diu b\u016bdu, kokiu buvo atlikas mok\u0117jimas u\u017e u\u017esakym\u0105, netaikant papildomo pinig\u0173 gr\u0105\u017einimo mokes\u010dio.<\/li><\/ul><p>Pinigus gr\u0105\u017einsime ne v\u0117liau kaip per 30 dien\u0173, nuo gr\u0105\u017einam\u0173 preki\u0173 gavimo. J\u016bs\u0173 pinigai bus gr\u0105\u017einami tokiu pa\u010diu b\u016bdu, kokiu buvo atlikas mok\u0117jimas u\u017e u\u017esakym\u0105, netaikant papildomo pinig\u0173 gr\u0105\u017einimo mokes\u010dio.<\/p><p><strong>Preki\u0173 gr\u0105\u017einimo s\u0105lygos:<\/strong><\/p><ul><li>Nor\u0117dami gr\u0105\u017einti \u012fsigytas prek\u0117s, \u012fsitikinkite, kad:<\/li><li>Prek\u0117s buvo \u012fsigytos per paskutines 30 dien\u0173<\/li><li>Prek\u0117s yra originalioje pakuot\u0117je<\/li><\/ul><p><strong>Prek\u0117s, kuri\u0173 negalima gr\u0105\u017einti:<\/strong><\/p><ul><li>Prek\u0117s, pagamintos pagal u\u017esakym\u0105.<\/li><li>Prek\u0117s, kuri\u0173 negalima gr\u0105\u017einti d\u0117l j\u0173 prigimties, pavyzd\u017eiui prek\u0117s, kuri\u0173 galiojimo laikas yra pasibaig\u0119s.<\/li><li>Prek\u0117s, kurios netinkamos gr\u0105\u017einti d\u0117l higienos prie\u017ea\u0161\u010di\u0173 po prek\u0117s i\u0161pakavimo.<\/li><li>Prek\u0117s, kurios po j\u0173 pristatymo, yra naudojamos su kitomis prek\u0117mis (preki\u0173 mi\u0161iniai).<\/li><\/ul><p>Pasiliekam\u0119 teis\u0119, atsisakyti gr\u0105\u017einti prekes, net ir tas, kurios atitinka auk\u0161\u010diau i\u0161vardintus reikalavimus.<\/p><p><strong>Preki\u0173 gr\u0105\u017einimas<\/strong><\/p><ul><li>J\u016bs prisiimate preki\u0173 gr\u0105\u017einimo rizik\u0105 ir ka\u0161tus. Gr\u0105\u017einamas prekes si\u0173skite \u0161iuo adresu:<strong> Sl\u0117nio g. 1, LT-21121 Trakai.<\/strong><\/li><li>Mes nesame atsakingi u\u017e preki\u0173 pa\u017eeidimus, \u012fvykusius gr\u0105\u017einant prekes. D\u0117l to, si\u016blome rinktis saug\u0173 preki\u0173 siuntimo paslaug\u0173 teik\u0117j\u0105. Negal\u0117sime gr\u0105\u017einti pinig\u0173, jeigu nepateiksite preki\u0173 \u012fsigijimo kvito arba preki\u0173 pristatymo kvito.<\/li><\/ul><p><strong>Pinig\u0173 gr\u0105\u017einimo politika fiziniams asmenims:<\/strong><\/p><ul><li>Turite teis\u0119 at\u0161aukti savo u\u017esakym\u0105 prie\u0161 48 valandas nepateikiant jokios prie\u017easties.<\/li><li>Jeigu norite s\u0117kmingai at\u0161aukti u\u017esakym\u0105, turite mus informuoti ir suteikti vis\u0105 reikaling\u0105 informacij\u0105.<\/li><li>Apie u\u017esakymo at\u0161aukim\u0105 turite mus informuoti el. pa\u0161tu <a id=\"m_4243837338491649447OWA061c7361-1945-789b-c7cd-8642c1633b72\" href=\"mailto:labas@slenistrakuose.lt\" target=\"_blank\" rel=\"noopener\">labas@slenistrakuose.lt<\/a>.<\/li><li>Pinigus gr\u0105\u017einsime ne v\u0117liau kaip per 14 dien\u0173, nuo u\u017esakymo at\u0161aukimo. J\u016bs\u0173 pinigai bus gr\u0105\u017einami tokiu pa\u010diu b\u016bdu, kokiu buvo atlikas mok\u0117jimas u\u017e u\u017esakym\u0105, netaikant papildomo pinig\u0173 gr\u0105\u017einimo mokes\u010dio.<\/li><\/ul><p><strong>Dovanos:<\/strong><\/p><p>Jeigu norite gr\u0105\u017einti dovan\u0105, dovanos vert\u0119 gr\u0105\u017einsime dovanos kreditais. Kai tik gausime j\u016bs\u0173 gr\u0105\u017einam\u0105 dovan\u0105, i\u0161si\u0173sime dovanos kredit\u0173 sertifikat\u0105.<\/p><p><strong>Kontaktin\u0117 informacija<\/strong><\/p><p>Jeigu turite klausim\u0173 d\u0117l m\u016bs\u0173 pinig\u0173 ir preki\u0173 gr\u0105\u017einimo politikos, susisiekite su mumis el. pa\u0161tu <a href=\"mailto:labas@slenistrakuose.lt\">labas@slenistrakuose.lt<\/a><\/p>\t\t\t\t\t\t<\/div>\n\t\t\t\t<\/div>\n\t\t\t\t\t<\/div>\n\t\t<\/div>\n\t\t\t\t\t<\/div>\n\t\t<\/section>\n\t\t\t\t<\/div>","protected":false},"excerpt":{"rendered":"<p>Pinig\u0173 ir preki\u0173 gr\u0105\u017einimo politika: Turite teis\u0119 at\u0161aukti savo u\u017esakym\u0105 prie\u0161 48 valandas nepateikiant jokios prie\u017easties. Jeigu norite s\u0117kmingai at\u0161aukti u\u017esakym\u0105, turite mus informuoti ir suteikti vis\u0105 reikaling\u0105 informacij\u0105. Apie u\u017esakymo at\u0161aukim\u0105 turite mus informuoti el. pa\u0161tu labas@slenistrakuose.lt. Pinigus gr\u0105\u017einsime ne v\u0117liau kaip per 14 dien\u0173, nuo u\u017esakymo at\u0161aukimo. J\u016bs\u0173 pinigai bus gr\u0105\u017einami tokiu pa\u010diu [&hellip;]<\/p>\n","protected":false},"author":2,"featured_media":0,"parent":0,"menu_order":0,"comment_status":"closed","ping_status":"closed","template":"","meta":{"footnotes":""},"class_list":["post-1379","page","type-page","status-publish","hentry"],"blocksy_meta":[],"yoast_head":"<!-- This site is optimized with the Yoast SEO plugin v25.9 - https:\/\/yoast.com\/wordpress\/plugins\/seo\/ -->\n<title>Pinig\u0173 gra\u017einimo s\u0105lygos - Sl\u0117nis Trakuose<\/title>\n<meta name=\"robots\" content=\"index, follow, max-snippet:-1, max-image-preview:large, max-video-preview:-1\" \/>\n<link rel=\"canonical\" href=\"https:\/\/slenistrakuose.lt\/en\/pinigu-grazinimo-salygos\/\" \/>\n<meta property=\"og:locale\" content=\"en_US\" \/>\n<meta property=\"og:type\" content=\"article\" \/>\n<meta property=\"og:title\" content=\"Pinig\u0173 gra\u017einimo s\u0105lygos - Sl\u0117nis Trakuose\" \/>\n<meta property=\"og:description\" content=\"Pinig\u0173 ir preki\u0173 gr\u0105\u017einimo politika: Turite teis\u0119 at\u0161aukti savo u\u017esakym\u0105 prie\u0161 48 valandas nepateikiant jokios prie\u017easties. Jeigu norite s\u0117kmingai at\u0161aukti u\u017esakym\u0105, turite mus informuoti ir suteikti vis\u0105 reikaling\u0105 informacij\u0105. Apie u\u017esakymo at\u0161aukim\u0105 turite mus informuoti el. pa\u0161tu labas@slenistrakuose.lt. Pinigus gr\u0105\u017einsime ne v\u0117liau kaip per 14 dien\u0173, nuo u\u017esakymo at\u0161aukimo. J\u016bs\u0173 pinigai bus gr\u0105\u017einami tokiu pa\u010diu [&hellip;]\" \/>\n<meta property=\"og:url\" content=\"https:\/\/slenistrakuose.lt\/en\/pinigu-grazinimo-salygos\/\" \/>\n<meta property=\"og:site_name\" content=\"Sl\u0117nis Trakuose\" \/>\n<meta property=\"article:publisher\" content=\"https:\/\/www.facebook.com\/trakaivalley\" \/>\n<meta property=\"article:modified_time\" content=\"2025-01-08T07:50:33+00:00\" \/>\n<meta name=\"twitter:card\" content=\"summary_large_image\" \/>\n<meta name=\"twitter:label1\" content=\"Est. reading time\" \/>\n\t<meta name=\"twitter:data1\" content=\"2 minutes\" \/>\n<script type=\"application\/ld+json\" class=\"yoast-schema-graph\">{\"@context\":\"https:\/\/schema.org\",\"@graph\":[{\"@type\":\"WebPage\",\"@id\":\"https:\/\/slenistrakuose.lt\/pinigu-grazinimo-salygos\/\",\"url\":\"https:\/\/slenistrakuose.lt\/pinigu-grazinimo-salygos\/\",\"name\":\"Pinig\u0173 gra\u017einimo s\u0105lygos - Sl\u0117nis Trakuose\",\"isPartOf\":{\"@id\":\"https:\/\/slenistrakuose.lt\/#website\"},\"datePublished\":\"2023-07-12T07:51:34+00:00\",\"dateModified\":\"2025-01-08T07:50:33+00:00\",\"breadcrumb\":{\"@id\":\"https:\/\/slenistrakuose.lt\/pinigu-grazinimo-salygos\/#breadcrumb\"},\"inLanguage\":\"en-US\",\"potentialAction\":[{\"@type\":\"ReadAction\",\"target\":[\"https:\/\/slenistrakuose.lt\/pinigu-grazinimo-salygos\/\"]}]},{\"@type\":\"BreadcrumbList\",\"@id\":\"https:\/\/slenistrakuose.lt\/pinigu-grazinimo-salygos\/#breadcrumb\",\"itemListElement\":[{\"@type\":\"ListItem\",\"position\":1,\"name\":\"Home\",\"item\":\"https:\/\/slenistrakuose.lt\/\"},{\"@type\":\"ListItem\",\"position\":2,\"name\":\"Pinig\u0173 gra\u017einimo s\u0105lygos\"}]},{\"@type\":\"WebSite\",\"@id\":\"https:\/\/slenistrakuose.lt\/#website\",\"url\":\"https:\/\/slenistrakuose.lt\/\",\"name\":\"Sl\u0117nis Trakuose\",\"description\":\"Gamtoje, kaip namuose\",\"publisher\":{\"@id\":\"https:\/\/slenistrakuose.lt\/#organization\"},\"potentialAction\":[{\"@type\":\"SearchAction\",\"target\":{\"@type\":\"EntryPoint\",\"urlTemplate\":\"https:\/\/slenistrakuose.lt\/?s={search_term_string}\"},\"query-input\":{\"@type\":\"PropertyValueSpecification\",\"valueRequired\":true,\"valueName\":\"search_term_string\"}}],\"inLanguage\":\"en-US\"},{\"@type\":\"Organization\",\"@id\":\"https:\/\/slenistrakuose.lt\/#organization\",\"name\":\"Sl\u0117nis Trakuose\",\"url\":\"https:\/\/slenistrakuose.lt\/\",\"logo\":{\"@type\":\"ImageObject\",\"inLanguage\":\"en-US\",\"@id\":\"https:\/\/slenistrakuose.lt\/#\/schema\/logo\/image\/\",\"url\":\"https:\/\/slenistrakuose.lt\/wp-content\/uploads\/2023\/09\/pagrindinis-logotipas-juodas-SVG-1.svg\",\"contentUrl\":\"https:\/\/slenistrakuose.lt\/wp-content\/uploads\/2023\/09\/pagrindinis-logotipas-juodas-SVG-1.svg\",\"width\":64,\"height\":82,\"caption\":\"Sl\u0117nis Trakuose\"},\"image\":{\"@id\":\"https:\/\/slenistrakuose.lt\/#\/schema\/logo\/image\/\"},\"sameAs\":[\"https:\/\/www.facebook.com\/trakaivalley\"]}]}<\/script>\n<!-- \/ Yoast SEO plugin. -->","yoast_head_json":{"title":"Pinig\u0173 gra\u017einimo s\u0105lygos - Sl\u0117nis Trakuose","robots":{"index":"index","follow":"follow","max-snippet":"max-snippet:-1","max-image-preview":"max-image-preview:large","max-video-preview":"max-video-preview:-1"},"canonical":"https:\/\/slenistrakuose.lt\/en\/pinigu-grazinimo-salygos\/","og_locale":"en_US","og_type":"article","og_title":"Pinig\u0173 gra\u017einimo s\u0105lygos - Sl\u0117nis Trakuose","og_description":"Pinig\u0173 ir preki\u0173 gr\u0105\u017einimo politika: Turite teis\u0119 at\u0161aukti savo u\u017esakym\u0105 prie\u0161 48 valandas nepateikiant jokios prie\u017easties. Jeigu norite s\u0117kmingai at\u0161aukti u\u017esakym\u0105, turite mus informuoti ir suteikti vis\u0105 reikaling\u0105 informacij\u0105. Apie u\u017esakymo at\u0161aukim\u0105 turite mus informuoti el. pa\u0161tu labas@slenistrakuose.lt. Pinigus gr\u0105\u017einsime ne v\u0117liau kaip per 14 dien\u0173, nuo u\u017esakymo at\u0161aukimo. J\u016bs\u0173 pinigai bus gr\u0105\u017einami tokiu pa\u010diu [&hellip;]","og_url":"https:\/\/slenistrakuose.lt\/en\/pinigu-grazinimo-salygos\/","og_site_name":"Sl\u0117nis Trakuose","article_publisher":"https:\/\/www.facebook.com\/trakaivalley","article_modified_time":"2025-01-08T07:50:33+00:00","twitter_card":"summary_large_image","twitter_misc":{"Est. reading time":"2 minutes"},"schema":{"@context":"https:\/\/schema.org","@graph":[{"@type":"WebPage","@id":"https:\/\/slenistrakuose.lt\/pinigu-grazinimo-salygos\/","url":"https:\/\/slenistrakuose.lt\/pinigu-grazinimo-salygos\/","name":"Pinig\u0173 gra\u017einimo s\u0105lygos - Sl\u0117nis Trakuose","isPartOf":{"@id":"https:\/\/slenistrakuose.lt\/#website"},"datePublished":"2023-07-12T07:51:34+00:00","dateModified":"2025-01-08T07:50:33+00:00","breadcrumb":{"@id":"https:\/\/slenistrakuose.lt\/pinigu-grazinimo-salygos\/#breadcrumb"},"inLanguage":"en-US","potentialAction":[{"@type":"ReadAction","target":["https:\/\/slenistrakuose.lt\/pinigu-grazinimo-salygos\/"]}]},{"@type":"BreadcrumbList","@id":"https:\/\/slenistrakuose.lt\/pinigu-grazinimo-salygos\/#breadcrumb","itemListElement":[{"@type":"ListItem","position":1,"name":"Home","item":"https:\/\/slenistrakuose.lt\/"},{"@type":"ListItem","position":2,"name":"Pinig\u0173 gra\u017einimo s\u0105lygos"}]},{"@type":"WebSite","@id":"https:\/\/slenistrakuose.lt\/#website","url":"https:\/\/slenistrakuose.lt\/","name":"Valley in Trakai","description":"Gamtoje, kaip namuose","publisher":{"@id":"https:\/\/slenistrakuose.lt\/#organization"},"potentialAction":[{"@type":"SearchAction","target":{"@type":"EntryPoint","urlTemplate":"https:\/\/slenistrakuose.lt\/?s={search_term_string}"},"query-input":{"@type":"PropertyValueSpecification","valueRequired":true,"valueName":"search_term_string"}}],"inLanguage":"en-US"},{"@type":"Organization","@id":"https:\/\/slenistrakuose.lt\/#organization","name":"Valley in Trakai","url":"https:\/\/slenistrakuose.lt\/","logo":{"@type":"ImageObject","inLanguage":"en-US","@id":"https:\/\/slenistrakuose.lt\/#\/schema\/logo\/image\/","url":"https:\/\/slenistrakuose.lt\/wp-content\/uploads\/2023\/09\/pagrindinis-logotipas-juodas-SVG-1.svg","contentUrl":"https:\/\/slenistrakuose.lt\/wp-content\/uploads\/2023\/09\/pagrindinis-logotipas-juodas-SVG-1.svg","width":64,"height":82,"caption":"Sl\u0117nis Trakuose"},"image":{"@id":"https:\/\/slenistrakuose.lt\/#\/schema\/logo\/image\/"},"sameAs":["https:\/\/www.facebook.com\/trakaivalley"]}]}},"_links":{"self":[{"href":"https:\/\/slenistrakuose.lt\/en\/wp-json\/wp\/v2\/pages\/1379","targetHints":{"allow":["GET"]}}],"collection":[{"href":"https:\/\/slenistrakuose.lt\/en\/wp-json\/wp\/v2\/pages"}],"about":[{"href":"https:\/\/slenistrakuose.lt\/en\/wp-json\/wp\/v2\/types\/page"}],"author":[{"embeddable":true,"href":"https:\/\/slenistrakuose.lt\/en\/wp-json\/wp\/v2\/users\/2"}],"replies":[{"embeddable":true,"href":"https:\/\/slenistrakuose.lt\/en\/wp-json\/wp\/v2\/comments?post=1379"}],"version-history":[{"count":6,"href":"https:\/\/slenistrakuose.lt\/en\/wp-json\/wp\/v2\/pages\/1379\/revisions"}],"predecessor-version":[{"id":5475,"href":"https:\/\/slenistrakuose.lt\/en\/wp-json\/wp\/v2\/pages\/1379\/revisions\/5475"}],"wp:attachment":[{"href":"https:\/\/slenistrakuose.lt\/en\/wp-json\/wp\/v2\/media?parent=1379"}],"curies":[{"name":"wp","href":"https:\/\/api.w.org\/{rel}","templated":true}]}}