{"id":5161,"date":"2024-11-23T10:18:15","date_gmt":"2024-11-23T10:18:15","guid":{"rendered":"https:\/\/slenistrakuose.lt\/?page_id=5161"},"modified":"2026-04-03T05:04:23","modified_gmt":"2026-04-03T05:04:23","slug":"geriausi-pasiulymai","status":"publish","type":"page","link":"https:\/\/slenistrakuose.lt\/de\/geriausi-pasiulymai\/","title":{"rendered":"VORSCHL\u00c4GE"},"content":{"rendered":"\t\t<div data-elementor-type=\"wp-page\" data-elementor-id=\"5161\" class=\"elementor elementor-5161\" data-elementor-post-type=\"page\">\n\t\t\t\t\t\t<section class=\"elementor-section elementor-top-section elementor-element elementor-element-b1f334c ct-section-stretched elementor-section-full_width elementor-section-height-min-height elementor-section-height-default elementor-section-items-middle\" data-id=\"b1f334c\" data-element_type=\"section\" data-settings=\"{&quot;background_background&quot;:&quot;classic&quot;}\">\n\t\t\t\t\t\t<div class=\"elementor-container elementor-column-gap-no\">\n\t\t\t\t\t<div class=\"elementor-column elementor-col-100 elementor-top-column elementor-element elementor-element-42d427e\" data-id=\"42d427e\" data-element_type=\"column\">\n\t\t\t<div class=\"elementor-widget-wrap\">\n\t\t\t\t\t\t\t<\/div>\n\t\t<\/div>\n\t\t\t\t\t<\/div>\n\t\t<\/section>\n\t\t\t\t<section class=\"elementor-section elementor-top-section elementor-element elementor-element-80669df elementor-section-boxed elementor-section-height-default elementor-section-height-default\" data-id=\"80669df\" data-element_type=\"section\">\n\t\t\t\t\t\t<div class=\"elementor-container elementor-column-gap-default\">\n\t\t\t\t\t<div class=\"elementor-column elementor-col-100 elementor-top-column elementor-element elementor-element-e6ee5f3\" data-id=\"e6ee5f3\" data-element_type=\"column\">\n\t\t\t<div class=\"elementor-widget-wrap\">\n\t\t\t\t\t\t\t<\/div>\n\t\t<\/div>\n\t\t\t\t\t<\/div>\n\t\t<\/section>\n\t\t\t\t<section class=\"elementor-section elementor-top-section elementor-element elementor-element-a6533c8 elementor-section-boxed elementor-section-height-default elementor-section-height-default\" data-id=\"a6533c8\" data-element_type=\"section\">\n\t\t\t\t\t\t<div class=\"elementor-container elementor-column-gap-default\">\n\t\t\t\t\t<div class=\"elementor-column elementor-col-50 elementor-top-column elementor-element elementor-element-38452f9\" data-id=\"38452f9\" data-element_type=\"column\">\n\t\t\t<div class=\"elementor-widget-wrap elementor-element-populated\">\n\t\t\t\t\t\t<div class=\"elementor-element elementor-element-5952853 elementor-widget elementor-widget-text-editor\" data-id=\"5952853\" data-element_type=\"widget\" data-widget_type=\"text-editor.default\">\n\t\t\t\t<div class=\"elementor-widget-container\">\n\t\t\t\t\t\t\t<div class=\"xdj266r x11i5rnm xat24cr x1mh8g0r x1vvkbs x126k92a\"><div dir=\"auto\"><span style=\"color: #355945;\"><span class=\"html-span xexx8yu x4uap5 x18d9i69 xkhd6sd x1hl2dhg x16tdsg8 x1vvkbs x3nfvp2 x1j61x8r x1fcty0u xdj266r xat24cr xgzva0m xhhsvwb xxymvpz xlup9mm x1kky2od\"><img decoding=\"async\" class=\"xz74otr\" src=\"https:\/\/static.xx.fbcdn.net\/images\/emoji.php\/v9\/t7\/1\/16\/1f384.png\" alt=\"\ud83c\udf84\" width=\"16\" height=\"16\" \/><\/span><strong>Ie\u0161kote ypatingos vietos \u012fmon\u0117s Kal\u0117d\u0173 vakar\u0117liui? <\/strong><\/span><\/div><p dir=\"auto\"><span style=\"color: #355945;\">Sl\u0117nis Trakuose si\u016blo jauki\u0105 dvaro sal\u0119 su \u017eidiniu, \u0161ventin\u0119 vakarien\u0119 su <span class=\"html-span xdj266r x11i5rnm xat24cr x1mh8g0r xexx8yu x4uap5 x18d9i69 xkhd6sd x1hl2dhg x16tdsg8 x1vvkbs\"><a class=\"x1i10hfl xjbqb8w x1ejq31n xd10rxx x1sy0etr x17r0tee x972fbf xcfux6l x1qhh985 xm0m39n x9f619 x1ypdohk xt0psk2 xe8uvvx xdj266r x11i5rnm xat24cr x1mh8g0r xexx8yu x4uap5 x18d9i69 xkhd6sd x16tdsg8 x1hl2dhg xggy1nq x1a2a7pz x1sur9pj xkrqix3 x1fey0fg x1s688f\" style=\"color: #355945;\" tabindex=\"0\" role=\"link\" href=\"https:\/\/www.facebook.com\/Jausmascatering?__cft__[0]=AZXjJNGwV9iUsvHSlhYF1w36-0jAdkPXXD6uQOw2FhpmiZjdlUfOmYsUD1GssxqG6HukEVNELyaIHAq_LltN-yQVtxESkmIdlptnZ2jFB5VHtzmsfH2YiE400weJ_IaEODq3HP8ubWrOHw_e-qDw_fcyTXhVs9eByhB_Ir2IOUGWxWynXko1_2moH14WMOAgZ48ByCWZWfYyGThTRa3lW0ht&amp;__tn__=-]K-R\"><span class=\"xt0psk2\">Jausmas<\/span><\/a><\/span>, pramogas pagal j\u016bs\u0173 poreikius ir nakvyn\u0119 po renginio!<span class=\"html-span xexx8yu x4uap5 x18d9i69 xkhd6sd x1hl2dhg x16tdsg8 x1vvkbs x3nfvp2 x1j61x8r x1fcty0u xdj266r xat24cr xgzva0m xhhsvwb xxymvpz xlup9mm x1kky2od\"><img decoding=\"async\" class=\"xz74otr\" src=\"https:\/\/static.xx.fbcdn.net\/images\/emoji.php\/v9\/te0\/1\/16\/1f31f.png\" alt=\"\ud83c\udf1f\" width=\"16\" height=\"16\" \/><\/span><\/span><br \/><br \/><br \/><\/p><\/div><div class=\"x11i5rnm xat24cr x1mh8g0r x1vvkbs xtlvy1s x126k92a\"><p dir=\"auto\"><span style=\"color: #355945;\"><span class=\"html-span xexx8yu x4uap5 x18d9i69 xkhd6sd x1hl2dhg x16tdsg8 x1vvkbs x3nfvp2 x1j61x8r x1fcty0u xdj266r xat24cr xgzva0m xhhsvwb xxymvpz xlup9mm x1kky2od\"><img decoding=\"async\" class=\"xz74otr\" src=\"https:\/\/static.xx.fbcdn.net\/images\/emoji.php\/v9\/t4d\/1\/16\/1f4de.png\" alt=\"\ud83d\udcde\" width=\"16\" height=\"16\" \/><\/span> +370 694 86146<\/span><br \/><br \/><span style=\"color: #355945;\"><span class=\"html-span xexx8yu x4uap5 x18d9i69 xkhd6sd x1hl2dhg x16tdsg8 x1vvkbs x3nfvp2 x1j61x8r x1fcty0u xdj266r xat24cr xgzva0m xhhsvwb xxymvpz xlup9mm x1kky2od\"><img loading=\"lazy\" decoding=\"async\" class=\"xz74otr\" src=\"https:\/\/static.xx.fbcdn.net\/images\/emoji.php\/v9\/tbe\/1\/16\/1f4e7.png\" alt=\"\ud83d\udce7\" width=\"16\" height=\"16\" \/><\/span> renginiai@slenistrakuose.lt<\/span><\/p><\/div>\t\t\t\t\t\t<\/div>\n\t\t\t\t<\/div>\n\t\t\t\t\t<\/div>\n\t\t<\/div>\n\t\t\t\t<div class=\"elementor-column elementor-col-50 elementor-top-column elementor-element elementor-element-93fd5de\" data-id=\"93fd5de\" data-element_type=\"column\">\n\t\t\t<div class=\"elementor-widget-wrap elementor-element-populated\">\n\t\t\t\t\t\t<div class=\"elementor-element elementor-element-4a8e646 elementor-widget__width-initial elementor-widget elementor-widget-video\" data-id=\"4a8e646\" data-element_type=\"widget\" data-settings=\"{&quot;video_type&quot;:&quot;hosted&quot;,&quot;start&quot;:0,&quot;end&quot;:66,&quot;controls&quot;:&quot;yes&quot;}\" data-widget_type=\"video.default\">\n\t\t\t\t<div class=\"elementor-widget-container\">\n\t\t\t\t\t<div class=\"e-hosted-video elementor-wrapper elementor-open-inline\">\n\t\t\t\t\t<video class=\"elementor-video\" src=\"https:\/\/slenistrakuose.lt\/wp-content\/uploads\/2024\/11\/Feed1_1_1.mp4#t=,66\" controls=\"\" preload=\"metadata\" controlsList=\"nodownload\"><\/video>\n\t\t\t\t<\/div>\n\t\t\t\t<\/div>\n\t\t\t\t<\/div>\n\t\t\t\t\t<\/div>\n\t\t<\/div>\n\t\t\t\t\t<\/div>\n\t\t<\/section>\n\t\t\t\t<section class=\"elementor-section elementor-top-section elementor-element elementor-element-a0b639a elementor-section-boxed elementor-section-height-default elementor-section-height-default\" data-id=\"a0b639a\" data-element_type=\"section\">\n\t\t\t\t\t\t<div class=\"elementor-container elementor-column-gap-default\">\n\t\t\t\t\t<div class=\"elementor-column elementor-col-100 elementor-top-column elementor-element elementor-element-cde62b4\" data-id=\"cde62b4\" data-element_type=\"column\">\n\t\t\t<div class=\"elementor-widget-wrap elementor-element-populated\">\n\t\t\t\t\t\t<div class=\"elementor-element elementor-element-d7292c9 elementor-widget__width-initial elementor-widget elementor-widget-image\" data-id=\"d7292c9\" data-element_type=\"widget\" data-widget_type=\"image.default\">\n\t\t\t\t<div class=\"elementor-widget-container\">\n\t\t\t\t\t\t\t\t\t\t\t\t\t<img loading=\"lazy\" decoding=\"async\" width=\"2048\" height=\"1524\" src=\"https:\/\/slenistrakuose.lt\/wp-content\/uploads\/2025\/10\/mafijos-pasiulymas-2048x1524.jpg\" class=\"attachment-2048x2048 size-2048x2048 wp-image-6658\" alt=\"\" srcset=\"https:\/\/slenistrakuose.lt\/wp-content\/uploads\/2025\/10\/mafijos-pasiulymas-2048x1524.jpg 2048w, https:\/\/slenistrakuose.lt\/wp-content\/uploads\/2025\/10\/mafijos-pasiulymas-300x223.jpg 300w, https:\/\/slenistrakuose.lt\/wp-content\/uploads\/2025\/10\/mafijos-pasiulymas-1024x762.jpg 1024w, https:\/\/slenistrakuose.lt\/wp-content\/uploads\/2025\/10\/mafijos-pasiulymas-768x572.jpg 768w, https:\/\/slenistrakuose.lt\/wp-content\/uploads\/2025\/10\/mafijos-pasiulymas-1536x1143.jpg 1536w\" sizes=\"(max-width: 2048px) 100vw, 2048px\" \/>\t\t\t\t\t\t\t\t\t\t\t\t\t<\/div>\n\t\t\t\t<\/div>\n\t\t\t\t\t<\/div>\n\t\t<\/div>\n\t\t\t\t\t<\/div>\n\t\t<\/section>\n\t\t\t\t<\/div>\n\t\t","protected":false},"excerpt":{"rendered":"<p>Ie\u0161kote ypatingos vietos \u012fmon\u0117s Kal\u0117d\u0173 vakar\u0117liui? Sl\u0117nis Trakuose si\u016blo jauki\u0105 dvaro sal\u0119 su \u017eidiniu, \u0161ventin\u0119 vakarien\u0119 su Jausmas, pramogas pagal j\u016bs\u0173 poreikius ir nakvyn\u0119 po renginio! +370 694 86146 renginiai@slenistrakuose.lt https:\/\/slenistrakuose.lt\/wp-content\/uploads\/2024\/11\/Feed1_1_1.mp4#t=,66<\/p>","protected":false},"author":74,"featured_media":0,"parent":0,"menu_order":0,"comment_status":"closed","ping_status":"closed","template":"","meta":{"footnotes":""},"class_list":["post-5161","page","type-page","status-publish","hentry"],"blocksy_meta":[],"yoast_head":"<!-- This site is optimized with the Yoast SEO plugin v25.9 - https:\/\/yoast.com\/wordpress\/plugins\/seo\/ -->\n<title>PASI\u016aLYMAI - Sl\u0117nis Trakuose<\/title>\n<meta name=\"robots\" content=\"index, follow, max-snippet:-1, max-image-preview:large, max-video-preview:-1\" \/>\n<link rel=\"canonical\" href=\"https:\/\/slenistrakuose.lt\/de\/geriausi-pasiulymai\/\" \/>\n<meta property=\"og:locale\" content=\"de_DE\" \/>\n<meta property=\"og:type\" content=\"article\" \/>\n<meta property=\"og:title\" content=\"PASI\u016aLYMAI - Sl\u0117nis Trakuose\" \/>\n<meta property=\"og:description\" content=\"Ie\u0161kote ypatingos vietos \u012fmon\u0117s Kal\u0117d\u0173 vakar\u0117liui? Sl\u0117nis Trakuose si\u016blo jauki\u0105 dvaro sal\u0119 su \u017eidiniu, \u0161ventin\u0119 vakarien\u0119 su Jausmas, pramogas pagal j\u016bs\u0173 poreikius ir nakvyn\u0119 po renginio! +370 694 86146 renginiai@slenistrakuose.lt https:\/\/slenistrakuose.lt\/wp-content\/uploads\/2024\/11\/Feed1_1_1.mp4#t=,66\" \/>\n<meta property=\"og:url\" content=\"https:\/\/slenistrakuose.lt\/de\/geriausi-pasiulymai\/\" \/>\n<meta property=\"og:site_name\" content=\"Sl\u0117nis Trakuose\" \/>\n<meta property=\"article:publisher\" content=\"https:\/\/www.facebook.com\/trakaivalley\" \/>\n<meta property=\"article:modified_time\" content=\"2026-04-03T05:04:23+00:00\" \/>\n<meta property=\"og:image\" content=\"https:\/\/static.xx.fbcdn.net\/images\/emoji.php\/v9\/t7\/1\/16\/1f384.png\" \/>\n<meta name=\"twitter:card\" content=\"summary_large_image\" \/>\n<meta name=\"twitter:label1\" content=\"Gesch\u00e4tzte Lesezeit\" \/>\n\t<meta name=\"twitter:data1\" content=\"2\u00a0Minuten\" \/>\n<script type=\"application\/ld+json\" class=\"yoast-schema-graph\">{\"@context\":\"https:\/\/schema.org\",\"@graph\":[{\"@type\":\"WebPage\",\"@id\":\"https:\/\/slenistrakuose.lt\/geriausi-pasiulymai\/\",\"url\":\"https:\/\/slenistrakuose.lt\/geriausi-pasiulymai\/\",\"name\":\"PASI\u016aLYMAI - Sl\u0117nis Trakuose\",\"isPartOf\":{\"@id\":\"https:\/\/slenistrakuose.lt\/#website\"},\"primaryImageOfPage\":{\"@id\":\"https:\/\/slenistrakuose.lt\/geriausi-pasiulymai\/#primaryimage\"},\"image\":{\"@id\":\"https:\/\/slenistrakuose.lt\/geriausi-pasiulymai\/#primaryimage\"},\"thumbnailUrl\":\"https:\/\/static.xx.fbcdn.net\/images\/emoji.php\/v9\/t7\/1\/16\/1f384.png\",\"datePublished\":\"2024-11-23T10:18:15+00:00\",\"dateModified\":\"2026-04-03T05:04:23+00:00\",\"breadcrumb\":{\"@id\":\"https:\/\/slenistrakuose.lt\/geriausi-pasiulymai\/#breadcrumb\"},\"inLanguage\":\"de\",\"potentialAction\":[{\"@type\":\"ReadAction\",\"target\":[\"https:\/\/slenistrakuose.lt\/geriausi-pasiulymai\/\"]}]},{\"@type\":\"ImageObject\",\"inLanguage\":\"de\",\"@id\":\"https:\/\/slenistrakuose.lt\/geriausi-pasiulymai\/#primaryimage\",\"url\":\"https:\/\/static.xx.fbcdn.net\/images\/emoji.php\/v9\/t7\/1\/16\/1f384.png\",\"contentUrl\":\"https:\/\/static.xx.fbcdn.net\/images\/emoji.php\/v9\/t7\/1\/16\/1f384.png\"},{\"@type\":\"BreadcrumbList\",\"@id\":\"https:\/\/slenistrakuose.lt\/geriausi-pasiulymai\/#breadcrumb\",\"itemListElement\":[{\"@type\":\"ListItem\",\"position\":1,\"name\":\"Home\",\"item\":\"https:\/\/slenistrakuose.lt\/\"},{\"@type\":\"ListItem\",\"position\":2,\"name\":\"PASI\u016aLYMAI\"}]},{\"@type\":\"WebSite\",\"@id\":\"https:\/\/slenistrakuose.lt\/#website\",\"url\":\"https:\/\/slenistrakuose.lt\/\",\"name\":\"Sl\u0117nis Trakuose\",\"description\":\"Gamtoje, kaip namuose\",\"publisher\":{\"@id\":\"https:\/\/slenistrakuose.lt\/#organization\"},\"potentialAction\":[{\"@type\":\"SearchAction\",\"target\":{\"@type\":\"EntryPoint\",\"urlTemplate\":\"https:\/\/slenistrakuose.lt\/?s={search_term_string}\"},\"query-input\":{\"@type\":\"PropertyValueSpecification\",\"valueRequired\":true,\"valueName\":\"search_term_string\"}}],\"inLanguage\":\"de\"},{\"@type\":\"Organization\",\"@id\":\"https:\/\/slenistrakuose.lt\/#organization\",\"name\":\"Sl\u0117nis Trakuose\",\"url\":\"https:\/\/slenistrakuose.lt\/\",\"logo\":{\"@type\":\"ImageObject\",\"inLanguage\":\"de\",\"@id\":\"https:\/\/slenistrakuose.lt\/#\/schema\/logo\/image\/\",\"url\":\"https:\/\/slenistrakuose.lt\/wp-content\/uploads\/2023\/09\/pagrindinis-logotipas-juodas-SVG-1.svg\",\"contentUrl\":\"https:\/\/slenistrakuose.lt\/wp-content\/uploads\/2023\/09\/pagrindinis-logotipas-juodas-SVG-1.svg\",\"width\":64,\"height\":82,\"caption\":\"Sl\u0117nis Trakuose\"},\"image\":{\"@id\":\"https:\/\/slenistrakuose.lt\/#\/schema\/logo\/image\/\"},\"sameAs\":[\"https:\/\/www.facebook.com\/trakaivalley\"]}]}<\/script>\n<!-- \/ Yoast SEO plugin. -->","yoast_head_json":{"title":"PASI\u016aLYMAI - Sl\u0117nis Trakuose","robots":{"index":"index","follow":"follow","max-snippet":"max-snippet:-1","max-image-preview":"max-image-preview:large","max-video-preview":"max-video-preview:-1"},"canonical":"https:\/\/slenistrakuose.lt\/de\/geriausi-pasiulymai\/","og_locale":"de_DE","og_type":"article","og_title":"PASI\u016aLYMAI - Sl\u0117nis Trakuose","og_description":"Ie\u0161kote ypatingos vietos \u012fmon\u0117s Kal\u0117d\u0173 vakar\u0117liui? Sl\u0117nis Trakuose si\u016blo jauki\u0105 dvaro sal\u0119 su \u017eidiniu, \u0161ventin\u0119 vakarien\u0119 su Jausmas, pramogas pagal j\u016bs\u0173 poreikius ir nakvyn\u0119 po renginio! +370 694 86146 renginiai@slenistrakuose.lt https:\/\/slenistrakuose.lt\/wp-content\/uploads\/2024\/11\/Feed1_1_1.mp4#t=,66","og_url":"https:\/\/slenistrakuose.lt\/de\/geriausi-pasiulymai\/","og_site_name":"Sl\u0117nis Trakuose","article_publisher":"https:\/\/www.facebook.com\/trakaivalley","article_modified_time":"2026-04-03T05:04:23+00:00","og_image":[{"url":"https:\/\/static.xx.fbcdn.net\/images\/emoji.php\/v9\/t7\/1\/16\/1f384.png","type":"","width":"","height":""}],"twitter_card":"summary_large_image","twitter_misc":{"Gesch\u00e4tzte Lesezeit":"2\u00a0Minuten"},"schema":{"@context":"https:\/\/schema.org","@graph":[{"@type":"WebPage","@id":"https:\/\/slenistrakuose.lt\/geriausi-pasiulymai\/","url":"https:\/\/slenistrakuose.lt\/geriausi-pasiulymai\/","name":"PASI\u016aLYMAI - Sl\u0117nis Trakuose","isPartOf":{"@id":"https:\/\/slenistrakuose.lt\/#website"},"primaryImageOfPage":{"@id":"https:\/\/slenistrakuose.lt\/geriausi-pasiulymai\/#primaryimage"},"image":{"@id":"https:\/\/slenistrakuose.lt\/geriausi-pasiulymai\/#primaryimage"},"thumbnailUrl":"https:\/\/static.xx.fbcdn.net\/images\/emoji.php\/v9\/t7\/1\/16\/1f384.png","datePublished":"2024-11-23T10:18:15+00:00","dateModified":"2026-04-03T05:04:23+00:00","breadcrumb":{"@id":"https:\/\/slenistrakuose.lt\/geriausi-pasiulymai\/#breadcrumb"},"inLanguage":"de","potentialAction":[{"@type":"ReadAction","target":["https:\/\/slenistrakuose.lt\/geriausi-pasiulymai\/"]}]},{"@type":"ImageObject","inLanguage":"de","@id":"https:\/\/slenistrakuose.lt\/geriausi-pasiulymai\/#primaryimage","url":"https:\/\/static.xx.fbcdn.net\/images\/emoji.php\/v9\/t7\/1\/16\/1f384.png","contentUrl":"https:\/\/static.xx.fbcdn.net\/images\/emoji.php\/v9\/t7\/1\/16\/1f384.png"},{"@type":"BreadcrumbList","@id":"https:\/\/slenistrakuose.lt\/geriausi-pasiulymai\/#breadcrumb","itemListElement":[{"@type":"ListItem","position":1,"name":"Home","item":"https:\/\/slenistrakuose.lt\/"},{"@type":"ListItem","position":2,"name":"PASI\u016aLYMAI"}]},{"@type":"WebSite","@id":"https:\/\/slenistrakuose.lt\/#website","url":"https:\/\/slenistrakuose.lt\/","name":"Tal in Trakai","description":"Gamtoje, kaip namuose","publisher":{"@id":"https:\/\/slenistrakuose.lt\/#organization"},"potentialAction":[{"@type":"SearchAction","target":{"@type":"EntryPoint","urlTemplate":"https:\/\/slenistrakuose.lt\/?s={search_term_string}"},"query-input":{"@type":"PropertyValueSpecification","valueRequired":true,"valueName":"search_term_string"}}],"inLanguage":"de"},{"@type":"Organization","@id":"https:\/\/slenistrakuose.lt\/#organization","name":"Tal in Trakai","url":"https:\/\/slenistrakuose.lt\/","logo":{"@type":"ImageObject","inLanguage":"de","@id":"https:\/\/slenistrakuose.lt\/#\/schema\/logo\/image\/","url":"https:\/\/slenistrakuose.lt\/wp-content\/uploads\/2023\/09\/pagrindinis-logotipas-juodas-SVG-1.svg","contentUrl":"https:\/\/slenistrakuose.lt\/wp-content\/uploads\/2023\/09\/pagrindinis-logotipas-juodas-SVG-1.svg","width":64,"height":82,"caption":"Sl\u0117nis Trakuose"},"image":{"@id":"https:\/\/slenistrakuose.lt\/#\/schema\/logo\/image\/"},"sameAs":["https:\/\/www.facebook.com\/trakaivalley"]}]}},"_links":{"self":[{"href":"https:\/\/slenistrakuose.lt\/de\/wp-json\/wp\/v2\/pages\/5161","targetHints":{"allow":["GET"]}}],"collection":[{"href":"https:\/\/slenistrakuose.lt\/de\/wp-json\/wp\/v2\/pages"}],"about":[{"href":"https:\/\/slenistrakuose.lt\/de\/wp-json\/wp\/v2\/types\/page"}],"author":[{"embeddable":true,"href":"https:\/\/slenistrakuose.lt\/de\/wp-json\/wp\/v2\/users\/74"}],"replies":[{"embeddable":true,"href":"https:\/\/slenistrakuose.lt\/de\/wp-json\/wp\/v2\/comments?post=5161"}],"version-history":[{"count":37,"href":"https:\/\/slenistrakuose.lt\/de\/wp-json\/wp\/v2\/pages\/5161\/revisions"}],"predecessor-version":[{"id":6897,"href":"https:\/\/slenistrakuose.lt\/de\/wp-json\/wp\/v2\/pages\/5161\/revisions\/6897"}],"wp:attachment":[{"href":"https:\/\/slenistrakuose.lt\/de\/wp-json\/wp\/v2\/media?parent=5161"}],"curies":[{"name":"wp","href":"https:\/\/api.w.org\/{rel}","templated":true}]}}