{"id":4963,"date":"2024-05-02T07:19:48","date_gmt":"2024-05-02T07:19:48","guid":{"rendered":"https:\/\/slenistrakuose.lt\/?page_id=4963"},"modified":"2024-05-02T07:33:34","modified_gmt":"2024-05-02T07:33:34","slug":"slapuku-politika","status":"publish","type":"page","link":"https:\/\/slenistrakuose.lt\/de\/slapuku-politika\/","title":{"rendered":"Cookie-Richtlinie"},"content":{"rendered":"<div data-elementor-type=\"wp-page\" data-elementor-id=\"4963\" class=\"elementor elementor-4963\" data-elementor-post-type=\"page\">\n\t\t\t\t\t\t<section class=\"elementor-section elementor-top-section elementor-element elementor-element-a206afc elementor-section-boxed elementor-section-height-default elementor-section-height-default\" data-id=\"a206afc\" data-element_type=\"section\">\n\t\t\t\t\t\t<div class=\"elementor-container elementor-column-gap-default\">\n\t\t\t\t\t<div class=\"elementor-column elementor-col-100 elementor-top-column elementor-element elementor-element-20739e2\" data-id=\"20739e2\" data-element_type=\"column\">\n\t\t\t<div class=\"elementor-widget-wrap elementor-element-populated\">\n\t\t\t\t\t\t<div class=\"elementor-element elementor-element-2439154 elementor-widget elementor-widget-text-editor\" data-id=\"2439154\" data-element_type=\"widget\" data-widget_type=\"text-editor.default\">\n\t\t\t\t<div class=\"elementor-widget-container\">\n\t\t\t\t\t\t\t<p><strong>REGELN F\u00dcR DIE VERARBEITUNG PERSONENBEZOGENER DATEN<\/strong><\/p><p><span style=\"font-weight: 400;\">\u201eKempingas sl\u0117nyje\u201c, UAB slapuk\u0173 politika<\/span><\/p><p><b>Allgemeine Bestimmungen\u00a0<\/b><\/p><p><span style=\"font-weight: 400;\">\u0160i slapuk\u0173 politika (toliau \u2013 <\/span><b>Politika<\/b><span style=\"font-weight: 400;\">) nustato naudojam\u0173 slapuk\u0173 tvarkymo taisykles \u201eKempingas sl\u0117nyje\u201c, UAB juridinio asmens kodas 181209770, registruotos buvein\u0117s adresas Sl\u0117nio g. 1, LT-21121 Trakai (toliau \u2013 <\/span><b>Unternehmen<\/b><span style=\"font-weight: 400;\">) interneto svetain\u0117je <\/span><a href=\"https:\/\/slenistrakuose.lt\/de\/\"><span style=\"font-weight: 400;\">www.slenistrakuose.lt<\/span><\/a><span style=\"font-weight: 400;\"> (toliau \u2013 <\/span><b>Svetain\u0117<\/b><span style=\"font-weight: 400;\">).<\/span><\/p><p><span style=\"font-weight: 400;\">Politika parengta, vadovaujantis 2016 m. baland\u017eio 27 d. Europos Parlamento ir Tarybos reglamentu (ES) 2016\/679 d\u0117l fizini\u0173 asmen\u0173 apsaugos tvarkant asmens duomenis ir d\u0117l laisvo toki\u0173 duomen\u0173 jud\u0117jimo ir kuriuo panaikinama Direktyva 95\/46\/EB (Bendrasis duomen\u0173 apsaugos reglamentas) ir Lietuvos Respublikos elektronini\u0173 ry\u0161i\u0173 \u012fstatymu.<\/span><\/p><p><b>Kas yra slapukai<\/b><\/p><p><span style=\"font-weight: 400;\">Slapukai (angl. cookies) \u2013 tai ma\u017ei tekstiniai failai, kuriuos naudotojui pasinaudojant nar\u0161ykle (pvz., \u201eInternet Explorer\u201c, \u201eFirefox\u201c ir kt.) aplankyta interneto svetain\u0117 i\u0161saugo naudotojo \u012frenginyje (pvz., kompiuteryje, mobiliajame \u012frenginyje, plan\u0161et\u0117je).<\/span><\/p><p><span style=\"font-weight: 400;\">Priklausomai nuo slapuk\u0173 gyvavimo trukm\u0117s, slapukai gali b\u016bti ilgalaikiai arba trumpalaikiai (seanso). Ilgalaikiai slapukai lieka naudotojo \u012frenginyje kol pasibaigia j\u0173 galiojimo laikas arba kol naudotojas nusprend\u017eia juos i\u0161trinti. Seanso slapukai i\u0161trinami i\u0161 karto naudotojui u\u017edarius nar\u0161ykl\u0117s lang\u0105 (baigus nar\u0161ymo seans\u0105).<\/span><\/p><p><span style=\"font-weight: 400;\">Slapukuose n\u0117ra saugoma informacija, kuri\u0105 panaudojus galima b\u016bt\u0173 tiesiogiai nustatyti naudotojo tapatyb\u0119, ta\u010diau slapukuose esanti informacija gali b\u016bti siejama su naudotojo naudojamu \u012frenginiu, nar\u0161ymo istorija ir kita slapuk\u0173 pagalba gauta ir saugoma informacija.<\/span><\/p><p><b>Slapuk\u0173 r\u016b\u0161ys ir j\u0173 naudojimo tikslas<\/b><\/p><p><span style=\"font-weight: 400;\">B\u016btinieji (techniniai) slapukai naudojami, kad b\u016bt\u0173 galima tinkamai teikti Svetain\u0117s paslaugas ir naudotojas gal\u0117t\u0173 nar\u0161yti bei naudotis Svetain\u0117s funkcijomis, t. y. Svetain\u0117s funkcionavimui u\u017etikrinti.<\/span><\/p><p><span style=\"font-weight: 400;\">Statistiniai arba analitiniai slapukai naudojami rinkti anonimin\u0119 statistin\u0119 informacij\u0105 ir gauti jos ataskaitas, i\u0161 kuri\u0173 Svetain\u0117s valdytojas gali su\u017einoti kaip naudotojai naudojasi Svetaine.<\/span><\/p><p><span style=\"font-weight: 400;\">Rinkodaros arba reklaminiai slapukai naudojami rinkti informacij\u0105 apie tai, kaip naudotojai naudojasi Svetaine, u\u017etikrinti pasi\u016blym\u0173 (reklamos), geriausiai atitinkan\u010di\u0173 naudotoj\u0173 poreikius, pateikim\u0105 naudotojui.<\/span><\/p><p><span style=\"font-weight: 400;\">Funkciniai arba techniniai slapukai naudojami siekiant \u012fsiminti naudotoj\u0173 pasirinkimus ir nustatymus (pvz., kalbos ar laiko zonos). \u0160i\u0173 slapuk\u0173 pagalba naudotojai i\u0161vengia nustatym\u0173 pasikeitimo kiekvien\u0105 kart\u0105 apsilankius Svetain\u0117je.<\/span><\/p><p><b>Teisinis slapuk\u0173 naudojimo pagrindas<\/b><\/p><p><span style=\"font-weight: 400;\">B\u016btin\u0173j\u0173 slapuk\u0173 teisinis naudojimo pagrindas yra duomen\u0173 valdytojo teis\u0117tas interesas (Bendrojo duomen\u0173 apsaugos reglamento 6 straipsnio 1 punkto f) papunktis).<\/span><\/p><p><span style=\"font-weight: 400;\">Slapuk\u0173 d\u0117l kuri\u0173 duodamas sutikimas teisinis naudojimo pagrindas yra naudotojo sutikimas (Bendrojo duomen\u0173 apsaugos reglamento 6 straipsnio 1 punkto a) papunktis).<\/span><\/p><p><b>Sutitimas d\u0117l slapuk\u0173 naudojimo<\/b><\/p><p><span style=\"font-weight: 400;\">B\u016btinieji (techniniai) slapukai \u012fdiegiami automati\u0161kai ir jiems n\u0117ra reikalingas naudotojo sutikimas. Naudotojas yra informuojamas apie b\u016btin\u0173j\u0173 slapuk\u0173 naudojim\u0105.<\/span><\/p><p><span style=\"font-weight: 400;\">Jei pagal galiojan\u010dius teis\u0117s aktus n\u0117ra leid\u017eiama kitaip, visi kiti (analitiniai, reklaminiai, jeigu tokie naudojami) slapukai Svetain\u0117je aktyvuojami tik po to, kai naudotojas sutinka, kad tokie slapukai b\u016bt\u0173 naudojami, t. y. tik po to, kai savo pasirinkim\u0105 naudotojas pa\u017eymi Svetain\u0117je automati\u0161kai atsidaran\u010diame prane\u0161imo lange, kuriame pateikiama informacija apie slapuk\u0173 naudojim\u0105.<\/span><\/p><p><span style=\"font-weight: 400;\">D\u0117l kiekvienos r\u016b\u0161ies slapuk\u0173 naudojimo duomen\u0173 valdytojas pra\u0161o atskiro sutikimo, kuris duodamas naudotojo aktyviais veiksmais u\u017ededant varneles ties norimais \u012fra\u0161yti slapukais ir paspaud\u017eiant patvirtinimo mygtuk\u0105. Paspaudus mygtuk\u0105 \u201ePatvirtinti visus\u201c laikoma, kad naudotojas sutinka su vis\u0173 i\u0161vardint\u0173 slapuk\u0173 \u012fra\u0161ymu ir naudojimu. Bendrov\u0117, esant poreikiui, turi teis\u0119 bet kuriuo metu prad\u0117ti naudoti kit\u0173 r\u016b\u0161i\u0173 slapukus.<\/span><\/p><p><span style=\"font-weight: 400;\">Naudotojas savo duot\u0105 sutikim\u0105 gali bet kada at\u0161aukti pakeisdamas savo interneto nar\u0161ykl\u0117s nustatymus ir i\u0161trindamas \u012fra\u0161ytus slapukus.<\/span><\/p><p><span style=\"font-weight: 400;\">Atsi\u017evelgiant \u012f tai, kad slapuk\u0173 s\u0105ra\u0161as yra kintamas, informacija apie aktualius naudojamus slapukus yra skelbiama Bendrov\u0117s interneto svetain\u0117s funkcijoje \u201eview site information\u201c.<\/span><\/p><p><b>Slapuk\u0173 valdymas<\/b><\/p><p><span style=\"font-weight: 400;\">Visose interneto nar\u0161ykl\u0117se (pavyzd\u017eiui \u201eInternet Explorer\u201c, Microsoft Edge ir kt.) numatyta galimyb\u0117 valdyti, i\u0161trinti slapukus. Detalesn\u0117s instrukcijos priklauso nuo naudotojo naudojamos nar\u0161ykl\u0117s. Jeigu yra naudojamos kelios nar\u0161ykl\u0117s, nustatymo parametrus reikia sureguliuoti visose nar\u0161ykl\u0117se.<\/span><\/p><p><span style=\"font-weight: 400;\">Informacij\u0105 apie tai, kaip galima pakeisti naudojamos nar\u0161ykl\u0117s nustatymus ar pa\u0161alinti slapukus, naudotojas gali rasti, apsilank\u0119s\u00a0<\/span><a href=\"https:\/\/www.aboutcookies.org\/\"><b>www.aboutcookies.org<\/b><\/a><span style=\"font-weight: 400;\">.<\/span><\/p><p><b>Duomen\u0173 valdytojo kontaktai<\/b><\/p><p><span style=\"font-weight: 400;\">Daugiau informacijos apie slapuk\u0173 naudojim\u0105 naudotojui gali b\u016bti suteikta, susisiekus su duomen\u0173 valdytoju \u201eKempingas sl\u0117nyje\u201c, UAB, Sl\u0117nio g. 1, LT-21121 Trakai; <\/span><a href=\"mailto:privatumas@sba.lt\"><span style=\"font-weight: 400;\">privatumas@sba.lt<\/span><\/a><span style=\"font-weight: 400;\">\u00a0<\/span><\/p>\t\t\t\t\t\t<\/div>\n\t\t\t\t<\/div>\n\t\t\t\t\t<\/div>\n\t\t<\/div>\n\t\t\t\t\t<\/div>\n\t\t<\/section>\n\t\t\t\t<\/div>","protected":false},"excerpt":{"rendered":"<p>ASMENS DUOMEN\u0172 TVARKYMO TAISYKL\u0116S \u201eKempingas sl\u0117nyje\u201c, UAB slapuk\u0173 politika Bendrosios nuostatos\u00a0 \u0160i slapuk\u0173 politika (toliau \u2013 Politika) nustato naudojam\u0173 slapuk\u0173 tvarkymo taisykles \u201eKempingas sl\u0117nyje\u201c, UAB juridinio asmens kodas 181209770, registruotos buvein\u0117s adresas Sl\u0117nio g. 1, LT-21121 Trakai (toliau \u2013 \u012emon\u0117) interneto svetain\u0117je www.slenistrakuose.lt (toliau \u2013 Svetain\u0117). Politika parengta, vadovaujantis 2016 m. baland\u017eio 27 d. Europos [&hellip;]<\/p>\n","protected":false},"author":2,"featured_media":0,"parent":0,"menu_order":0,"comment_status":"closed","ping_status":"closed","template":"","meta":{"footnotes":""},"class_list":["post-4963","page","type-page","status-publish","hentry"],"blocksy_meta":[],"yoast_head":"<!-- This site is optimized with the Yoast SEO plugin v25.9 - https:\/\/yoast.com\/wordpress\/plugins\/seo\/ -->\n<title>Slapuk\u0173 politika - Sl\u0117nis Trakuose<\/title>\n<meta name=\"robots\" content=\"index, follow, max-snippet:-1, max-image-preview:large, max-video-preview:-1\" \/>\n<link rel=\"canonical\" href=\"https:\/\/slenistrakuose.lt\/de\/slapuku-politika\/\" \/>\n<meta property=\"og:locale\" content=\"de_DE\" \/>\n<meta property=\"og:type\" content=\"article\" \/>\n<meta property=\"og:title\" content=\"Slapuk\u0173 politika - Sl\u0117nis Trakuose\" \/>\n<meta property=\"og:description\" content=\"ASMENS DUOMEN\u0172 TVARKYMO TAISYKL\u0116S \u201eKempingas sl\u0117nyje\u201c, UAB slapuk\u0173 politika Bendrosios nuostatos\u00a0 \u0160i slapuk\u0173 politika (toliau \u2013 Politika) nustato naudojam\u0173 slapuk\u0173 tvarkymo taisykles \u201eKempingas sl\u0117nyje\u201c, UAB juridinio asmens kodas 181209770, registruotos buvein\u0117s adresas Sl\u0117nio g. 1, LT-21121 Trakai (toliau \u2013 \u012emon\u0117) interneto svetain\u0117je www.slenistrakuose.lt (toliau \u2013 Svetain\u0117). Politika parengta, vadovaujantis 2016 m. baland\u017eio 27 d. Europos [&hellip;]\" \/>\n<meta property=\"og:url\" content=\"https:\/\/slenistrakuose.lt\/de\/slapuku-politika\/\" \/>\n<meta property=\"og:site_name\" content=\"Sl\u0117nis Trakuose\" \/>\n<meta property=\"article:publisher\" content=\"https:\/\/www.facebook.com\/trakaivalley\" \/>\n<meta property=\"article:modified_time\" content=\"2024-05-02T07:33:34+00:00\" \/>\n<meta name=\"twitter:card\" content=\"summary_large_image\" \/>\n<meta name=\"twitter:label1\" content=\"Gesch\u00e4tzte Lesezeit\" \/>\n\t<meta name=\"twitter:data1\" content=\"3\u00a0Minuten\" \/>\n<script type=\"application\/ld+json\" class=\"yoast-schema-graph\">{\"@context\":\"https:\/\/schema.org\",\"@graph\":[{\"@type\":\"WebPage\",\"@id\":\"https:\/\/slenistrakuose.lt\/slapuku-politika\/\",\"url\":\"https:\/\/slenistrakuose.lt\/slapuku-politika\/\",\"name\":\"Slapuk\u0173 politika - Sl\u0117nis Trakuose\",\"isPartOf\":{\"@id\":\"https:\/\/slenistrakuose.lt\/#website\"},\"datePublished\":\"2024-05-02T07:19:48+00:00\",\"dateModified\":\"2024-05-02T07:33:34+00:00\",\"breadcrumb\":{\"@id\":\"https:\/\/slenistrakuose.lt\/slapuku-politika\/#breadcrumb\"},\"inLanguage\":\"de\",\"potentialAction\":[{\"@type\":\"ReadAction\",\"target\":[\"https:\/\/slenistrakuose.lt\/slapuku-politika\/\"]}]},{\"@type\":\"BreadcrumbList\",\"@id\":\"https:\/\/slenistrakuose.lt\/slapuku-politika\/#breadcrumb\",\"itemListElement\":[{\"@type\":\"ListItem\",\"position\":1,\"name\":\"Home\",\"item\":\"https:\/\/slenistrakuose.lt\/\"},{\"@type\":\"ListItem\",\"position\":2,\"name\":\"Slapuk\u0173 politika\"}]},{\"@type\":\"WebSite\",\"@id\":\"https:\/\/slenistrakuose.lt\/#website\",\"url\":\"https:\/\/slenistrakuose.lt\/\",\"name\":\"Sl\u0117nis Trakuose\",\"description\":\"Gamtoje, kaip namuose\",\"publisher\":{\"@id\":\"https:\/\/slenistrakuose.lt\/#organization\"},\"potentialAction\":[{\"@type\":\"SearchAction\",\"target\":{\"@type\":\"EntryPoint\",\"urlTemplate\":\"https:\/\/slenistrakuose.lt\/?s={search_term_string}\"},\"query-input\":{\"@type\":\"PropertyValueSpecification\",\"valueRequired\":true,\"valueName\":\"search_term_string\"}}],\"inLanguage\":\"de\"},{\"@type\":\"Organization\",\"@id\":\"https:\/\/slenistrakuose.lt\/#organization\",\"name\":\"Sl\u0117nis Trakuose\",\"url\":\"https:\/\/slenistrakuose.lt\/\",\"logo\":{\"@type\":\"ImageObject\",\"inLanguage\":\"de\",\"@id\":\"https:\/\/slenistrakuose.lt\/#\/schema\/logo\/image\/\",\"url\":\"https:\/\/slenistrakuose.lt\/wp-content\/uploads\/2023\/09\/pagrindinis-logotipas-juodas-SVG-1.svg\",\"contentUrl\":\"https:\/\/slenistrakuose.lt\/wp-content\/uploads\/2023\/09\/pagrindinis-logotipas-juodas-SVG-1.svg\",\"width\":64,\"height\":82,\"caption\":\"Sl\u0117nis Trakuose\"},\"image\":{\"@id\":\"https:\/\/slenistrakuose.lt\/#\/schema\/logo\/image\/\"},\"sameAs\":[\"https:\/\/www.facebook.com\/trakaivalley\"]}]}<\/script>\n<!-- \/ Yoast SEO plugin. -->","yoast_head_json":{"title":"Slapuk\u0173 politika - Sl\u0117nis Trakuose","robots":{"index":"index","follow":"follow","max-snippet":"max-snippet:-1","max-image-preview":"max-image-preview:large","max-video-preview":"max-video-preview:-1"},"canonical":"https:\/\/slenistrakuose.lt\/de\/slapuku-politika\/","og_locale":"de_DE","og_type":"article","og_title":"Slapuk\u0173 politika - Sl\u0117nis Trakuose","og_description":"ASMENS DUOMEN\u0172 TVARKYMO TAISYKL\u0116S \u201eKempingas sl\u0117nyje\u201c, UAB slapuk\u0173 politika Bendrosios nuostatos\u00a0 \u0160i slapuk\u0173 politika (toliau \u2013 Politika) nustato naudojam\u0173 slapuk\u0173 tvarkymo taisykles \u201eKempingas sl\u0117nyje\u201c, UAB juridinio asmens kodas 181209770, registruotos buvein\u0117s adresas Sl\u0117nio g. 1, LT-21121 Trakai (toliau \u2013 \u012emon\u0117) interneto svetain\u0117je www.slenistrakuose.lt (toliau \u2013 Svetain\u0117). Politika parengta, vadovaujantis 2016 m. baland\u017eio 27 d. Europos [&hellip;]","og_url":"https:\/\/slenistrakuose.lt\/de\/slapuku-politika\/","og_site_name":"Sl\u0117nis Trakuose","article_publisher":"https:\/\/www.facebook.com\/trakaivalley","article_modified_time":"2024-05-02T07:33:34+00:00","twitter_card":"summary_large_image","twitter_misc":{"Gesch\u00e4tzte Lesezeit":"3\u00a0Minuten"},"schema":{"@context":"https:\/\/schema.org","@graph":[{"@type":"WebPage","@id":"https:\/\/slenistrakuose.lt\/slapuku-politika\/","url":"https:\/\/slenistrakuose.lt\/slapuku-politika\/","name":"Slapuk\u0173 politika - Sl\u0117nis Trakuose","isPartOf":{"@id":"https:\/\/slenistrakuose.lt\/#website"},"datePublished":"2024-05-02T07:19:48+00:00","dateModified":"2024-05-02T07:33:34+00:00","breadcrumb":{"@id":"https:\/\/slenistrakuose.lt\/slapuku-politika\/#breadcrumb"},"inLanguage":"de","potentialAction":[{"@type":"ReadAction","target":["https:\/\/slenistrakuose.lt\/slapuku-politika\/"]}]},{"@type":"BreadcrumbList","@id":"https:\/\/slenistrakuose.lt\/slapuku-politika\/#breadcrumb","itemListElement":[{"@type":"ListItem","position":1,"name":"Home","item":"https:\/\/slenistrakuose.lt\/"},{"@type":"ListItem","position":2,"name":"Slapuk\u0173 politika"}]},{"@type":"WebSite","@id":"https:\/\/slenistrakuose.lt\/#website","url":"https:\/\/slenistrakuose.lt\/","name":"Tal in Trakai","description":"Gamtoje, kaip namuose","publisher":{"@id":"https:\/\/slenistrakuose.lt\/#organization"},"potentialAction":[{"@type":"SearchAction","target":{"@type":"EntryPoint","urlTemplate":"https:\/\/slenistrakuose.lt\/?s={search_term_string}"},"query-input":{"@type":"PropertyValueSpecification","valueRequired":true,"valueName":"search_term_string"}}],"inLanguage":"de"},{"@type":"Organization","@id":"https:\/\/slenistrakuose.lt\/#organization","name":"Tal in Trakai","url":"https:\/\/slenistrakuose.lt\/","logo":{"@type":"ImageObject","inLanguage":"de","@id":"https:\/\/slenistrakuose.lt\/#\/schema\/logo\/image\/","url":"https:\/\/slenistrakuose.lt\/wp-content\/uploads\/2023\/09\/pagrindinis-logotipas-juodas-SVG-1.svg","contentUrl":"https:\/\/slenistrakuose.lt\/wp-content\/uploads\/2023\/09\/pagrindinis-logotipas-juodas-SVG-1.svg","width":64,"height":82,"caption":"Sl\u0117nis Trakuose"},"image":{"@id":"https:\/\/slenistrakuose.lt\/#\/schema\/logo\/image\/"},"sameAs":["https:\/\/www.facebook.com\/trakaivalley"]}]}},"_links":{"self":[{"href":"https:\/\/slenistrakuose.lt\/de\/wp-json\/wp\/v2\/pages\/4963","targetHints":{"allow":["GET"]}}],"collection":[{"href":"https:\/\/slenistrakuose.lt\/de\/wp-json\/wp\/v2\/pages"}],"about":[{"href":"https:\/\/slenistrakuose.lt\/de\/wp-json\/wp\/v2\/types\/page"}],"author":[{"embeddable":true,"href":"https:\/\/slenistrakuose.lt\/de\/wp-json\/wp\/v2\/users\/2"}],"replies":[{"embeddable":true,"href":"https:\/\/slenistrakuose.lt\/de\/wp-json\/wp\/v2\/comments?post=4963"}],"version-history":[{"count":7,"href":"https:\/\/slenistrakuose.lt\/de\/wp-json\/wp\/v2\/pages\/4963\/revisions"}],"predecessor-version":[{"id":4982,"href":"https:\/\/slenistrakuose.lt\/de\/wp-json\/wp\/v2\/pages\/4963\/revisions\/4982"}],"wp:attachment":[{"href":"https:\/\/slenistrakuose.lt\/de\/wp-json\/wp\/v2\/media?parent=4963"}],"curies":[{"name":"wp","href":"https:\/\/api.w.org\/{rel}","templated":true}]}}