{"id":3237,"date":"2023-11-02T07:39:02","date_gmt":"2023-11-02T07:39:02","guid":{"rendered":"https:\/\/slenistrakuose.lt\/?page_id=3237"},"modified":"2025-06-03T10:23:58","modified_gmt":"2025-06-03T10:23:58","slug":"pliazas","status":"publish","type":"page","link":"https:\/\/slenistrakuose.lt\/de\/rezervacija\/pliazas\/","title":{"rendered":"ANWENDUNGEN"},"content":{"rendered":"<div data-elementor-type=\"wp-page\" data-elementor-id=\"3237\" class=\"elementor elementor-3237\" data-elementor-post-type=\"page\">\n\t\t\t\t\t\t<section class=\"elementor-section elementor-top-section elementor-element elementor-element-1839bd20 elementor-section-boxed elementor-section-height-default elementor-section-height-default\" data-id=\"1839bd20\" data-element_type=\"section\">\n\t\t\t\t\t\t<div class=\"elementor-container elementor-column-gap-default\">\n\t\t\t\t\t<div class=\"elementor-column elementor-col-100 elementor-top-column elementor-element elementor-element-edbd887\" data-id=\"edbd887\" data-element_type=\"column\">\n\t\t\t<div class=\"elementor-widget-wrap\">\n\t\t\t\t\t\t\t<\/div>\n\t\t<\/div>\n\t\t\t\t\t<\/div>\n\t\t<\/section>\n\t\t\t\t<section class=\"elementor-section elementor-top-section elementor-element elementor-element-3da83cd elementor-section-boxed elementor-section-height-default elementor-section-height-default\" data-id=\"3da83cd\" data-element_type=\"section\">\n\t\t\t\t\t\t<div class=\"elementor-container elementor-column-gap-default\">\n\t\t\t\t\t<div class=\"elementor-column elementor-col-33 elementor-top-column elementor-element elementor-element-5810e8ae\" data-id=\"5810e8ae\" data-element_type=\"column\">\n\t\t\t<div class=\"elementor-widget-wrap elementor-element-populated\">\n\t\t\t\t\t\t\t<\/div>\n\t\t<\/div>\n\t\t\t\t<div class=\"elementor-column elementor-col-33 elementor-top-column elementor-element elementor-element-edf4ad5\" data-id=\"edf4ad5\" data-element_type=\"column\">\n\t\t\t<div class=\"elementor-widget-wrap elementor-element-populated\">\n\t\t\t\t\t\t<div class=\"elementor-element elementor-element-72a922b elementor-widget elementor-widget-text-editor\" data-id=\"72a922b\" data-element_type=\"widget\" data-widget_type=\"text-editor.default\">\n\t\t\t\t<div class=\"elementor-widget-container\">\n\t\t\t\t\t\t\t<p>\u00a0<\/p><p>\u00a0<\/p><p>\u00a0<\/p><p style=\"text-align: center;\"><span style=\"color: #003300;\"><strong>ANWENDUNGEN<\/strong><\/span><\/p><p style=\"text-align: center;\"><span style=\"color: #003300;\">Zwei Privatstr\u00e4nde \u201ePramog\u0173\u201d und \u201eSunset\u201d<\/span><\/p><p style=\"text-align: center;\"><span style=\"color: #003300;\">Strandbar<\/span><\/p><p style=\"text-align: center;\"><span style=\"color: #003300;\">Basketball\/ Fu\u00dfball\/ Volleyball<\/span><\/p><p style=\"text-align: center;\"><span style=\"color: #003300;\">Internet:<\/span><\/p><p style=\"text-align: center;\"><span style=\"color: #003300;\">\u00d6ffentliche Duschen\/WC\u00a0<\/span><\/p>\t\t\t\t\t\t<\/div>\n\t\t\t\t<\/div>\n\t\t\t\t\t<\/div>\n\t\t<\/div>\n\t\t\t\t<div class=\"elementor-column elementor-col-33 elementor-top-column elementor-element elementor-element-2475177\" data-id=\"2475177\" data-element_type=\"column\">\n\t\t\t<div class=\"elementor-widget-wrap\">\n\t\t\t\t\t\t\t<\/div>\n\t\t<\/div>\n\t\t\t\t\t<\/div>\n\t\t<\/section>\n\t\t\t\t<section class=\"elementor-section elementor-top-section elementor-element elementor-element-72c3af1 elementor-section-boxed elementor-section-height-default elementor-section-height-default\" data-id=\"72c3af1\" data-element_type=\"section\">\n\t\t\t\t\t\t<div class=\"elementor-container elementor-column-gap-default\">\n\t\t\t\t\t<div class=\"elementor-column elementor-col-100 elementor-top-column elementor-element elementor-element-443c1bc\" data-id=\"443c1bc\" data-element_type=\"column\">\n\t\t\t<div class=\"elementor-widget-wrap elementor-element-populated\">\n\t\t\t\t\t\t<div class=\"elementor-element elementor-element-682d3dd elementor-widget elementor-widget-image\" data-id=\"682d3dd\" data-element_type=\"widget\" data-widget_type=\"image.default\">\n\t\t\t\t<div class=\"elementor-widget-container\">\n\t\t\t\t\t\t\t\t\t\t\t\t\t<img fetchpriority=\"high\" decoding=\"async\" width=\"665\" height=\"1024\" src=\"https:\/\/slenistrakuose.lt\/wp-content\/uploads\/2025\/06\/registraturos-stendas-jpg-formatu-665x1024.jpg\" class=\"attachment-large size-large wp-image-5782\" alt=\"\" srcset=\"https:\/\/slenistrakuose.lt\/wp-content\/uploads\/2025\/06\/registraturos-stendas-jpg-formatu-665x1024.jpg 665w, https:\/\/slenistrakuose.lt\/wp-content\/uploads\/2025\/06\/registraturos-stendas-jpg-formatu-195x300.jpg 195w, https:\/\/slenistrakuose.lt\/wp-content\/uploads\/2025\/06\/registraturos-stendas-jpg-formatu-768x1182.jpg 768w, https:\/\/slenistrakuose.lt\/wp-content\/uploads\/2025\/06\/registraturos-stendas-jpg-formatu-998x1536.jpg 998w, https:\/\/slenistrakuose.lt\/wp-content\/uploads\/2025\/06\/registraturos-stendas-jpg-formatu.jpg 1236w\" sizes=\"(max-width: 665px) 100vw, 665px\" \/>\t\t\t\t\t\t\t\t\t\t\t\t\t<\/div>\n\t\t\t\t<\/div>\n\t\t\t\t<div class=\"elementor-element elementor-element-7eb5036 elementor-widget elementor-widget-image\" data-id=\"7eb5036\" data-element_type=\"widget\" data-widget_type=\"image.default\">\n\t\t\t\t<div class=\"elementor-widget-container\">\n\t\t\t\t\t\t\t\t\t\t\t\t\t<img decoding=\"async\" width=\"1024\" height=\"683\" src=\"https:\/\/slenistrakuose.lt\/wp-content\/uploads\/2025\/03\/WUF-15461-1024x683.jpg\" class=\"attachment-large size-large wp-image-5533\" alt=\"\" srcset=\"https:\/\/slenistrakuose.lt\/wp-content\/uploads\/2025\/03\/WUF-15461-1024x683.jpg 1024w, https:\/\/slenistrakuose.lt\/wp-content\/uploads\/2025\/03\/WUF-15461-300x200.jpg 300w, https:\/\/slenistrakuose.lt\/wp-content\/uploads\/2025\/03\/WUF-15461-768x512.jpg 768w, https:\/\/slenistrakuose.lt\/wp-content\/uploads\/2025\/03\/WUF-15461-1536x1024.jpg 1536w, https:\/\/slenistrakuose.lt\/wp-content\/uploads\/2025\/03\/WUF-15461-2048x1365.jpg 2048w\" sizes=\"(max-width: 1024px) 100vw, 1024px\" \/>\t\t\t\t\t\t\t\t\t\t\t\t\t<\/div>\n\t\t\t\t<\/div>\n\t\t\t\t\t<\/div>\n\t\t<\/div>\n\t\t\t\t\t<\/div>\n\t\t<\/section>\n\t\t\t\t<section class=\"elementor-section elementor-top-section elementor-element elementor-element-b2760f2 elementor-section-boxed elementor-section-height-default elementor-section-height-default\" data-id=\"b2760f2\" data-element_type=\"section\">\n\t\t\t\t\t\t<div class=\"elementor-container elementor-column-gap-default\">\n\t\t\t\t\t<div class=\"elementor-column elementor-col-50 elementor-top-column elementor-element elementor-element-da4745f\" data-id=\"da4745f\" data-element_type=\"column\">\n\t\t\t<div class=\"elementor-widget-wrap elementor-element-populated\">\n\t\t\t\t\t\t<div class=\"elementor-element elementor-element-c1d2cae elementor-widget__width-initial elementor-widget elementor-widget-image\" data-id=\"c1d2cae\" data-element_type=\"widget\" data-widget_type=\"image.default\">\n\t\t\t\t<div class=\"elementor-widget-container\">\n\t\t\t\t\t\t\t\t\t\t\t\t\t<img decoding=\"async\" width=\"768\" height=\"512\" src=\"https:\/\/slenistrakuose.lt\/wp-content\/uploads\/2025\/06\/WUF-15350-768x512.jpg\" class=\"attachment-medium_large size-medium_large wp-image-5791\" alt=\"\" srcset=\"https:\/\/slenistrakuose.lt\/wp-content\/uploads\/2025\/06\/WUF-15350-768x512.jpg 768w, https:\/\/slenistrakuose.lt\/wp-content\/uploads\/2025\/06\/WUF-15350-300x200.jpg 300w, https:\/\/slenistrakuose.lt\/wp-content\/uploads\/2025\/06\/WUF-15350-1024x683.jpg 1024w, https:\/\/slenistrakuose.lt\/wp-content\/uploads\/2025\/06\/WUF-15350-1536x1024.jpg 1536w, https:\/\/slenistrakuose.lt\/wp-content\/uploads\/2025\/06\/WUF-15350-2048x1365.jpg 2048w\" sizes=\"(max-width: 768px) 100vw, 768px\" \/>\t\t\t\t\t\t\t\t\t\t\t\t\t<\/div>\n\t\t\t\t<\/div>\n\t\t\t\t\t<\/div>\n\t\t<\/div>\n\t\t\t\t<div class=\"elementor-column elementor-col-50 elementor-top-column elementor-element elementor-element-4012587\" data-id=\"4012587\" data-element_type=\"column\">\n\t\t\t<div class=\"elementor-widget-wrap elementor-element-populated\">\n\t\t\t\t\t\t<div class=\"elementor-element elementor-element-e76e6c5 elementor-widget elementor-widget-image\" data-id=\"e76e6c5\" data-element_type=\"widget\" data-widget_type=\"image.default\">\n\t\t\t\t<div class=\"elementor-widget-container\">\n\t\t\t\t\t\t\t\t\t\t\t\t\t<img loading=\"lazy\" decoding=\"async\" width=\"1024\" height=\"683\" src=\"https:\/\/slenistrakuose.lt\/wp-content\/uploads\/2025\/06\/WUF-15339-1024x683.jpg\" class=\"attachment-large size-large wp-image-5792\" alt=\"\" srcset=\"https:\/\/slenistrakuose.lt\/wp-content\/uploads\/2025\/06\/WUF-15339-1024x683.jpg 1024w, https:\/\/slenistrakuose.lt\/wp-content\/uploads\/2025\/06\/WUF-15339-300x200.jpg 300w, https:\/\/slenistrakuose.lt\/wp-content\/uploads\/2025\/06\/WUF-15339-768x512.jpg 768w, https:\/\/slenistrakuose.lt\/wp-content\/uploads\/2025\/06\/WUF-15339-1536x1024.jpg 1536w, https:\/\/slenistrakuose.lt\/wp-content\/uploads\/2025\/06\/WUF-15339-2048x1365.jpg 2048w\" sizes=\"(max-width: 1024px) 100vw, 1024px\" \/>\t\t\t\t\t\t\t\t\t\t\t\t\t<\/div>\n\t\t\t\t<\/div>\n\t\t\t\t\t<\/div>\n\t\t<\/div>\n\t\t\t\t\t<\/div>\n\t\t<\/section>\n\t\t\t\t<section class=\"elementor-section elementor-top-section elementor-element elementor-element-273d7dd elementor-section-boxed elementor-section-height-default elementor-section-height-default\" data-id=\"273d7dd\" data-element_type=\"section\">\n\t\t\t\t\t\t<div class=\"elementor-container elementor-column-gap-default\">\n\t\t\t\t\t<div class=\"elementor-column elementor-col-100 elementor-top-column elementor-element elementor-element-03edab6\" data-id=\"03edab6\" data-element_type=\"column\">\n\t\t\t<div class=\"elementor-widget-wrap\">\n\t\t\t\t\t\t\t<\/div>\n\t\t<\/div>\n\t\t\t\t\t<\/div>\n\t\t<\/section>\n\t\t\t\t<section class=\"elementor-section elementor-top-section elementor-element elementor-element-d6e9b51 elementor-section-boxed elementor-section-height-default elementor-section-height-default\" data-id=\"d6e9b51\" data-element_type=\"section\">\n\t\t\t\t\t\t<div class=\"elementor-container elementor-column-gap-default\">\n\t\t\t\t\t<div class=\"elementor-column elementor-col-100 elementor-top-column elementor-element elementor-element-85d33bd\" data-id=\"85d33bd\" data-element_type=\"column\">\n\t\t\t<div class=\"elementor-widget-wrap\">\n\t\t\t\t\t\t\t<\/div>\n\t\t<\/div>\n\t\t\t\t\t<\/div>\n\t\t<\/section>\n\t\t\t\t<\/div>","protected":false},"excerpt":{"rendered":"<p>ANWENDUNGEN<br \/>\nPrivat\u016bs du papl\u016bdimiai<br \/>\nStrandbar<br \/>\nBasketball\/ Fu\u00dfball\/ Volleyball<br \/>\nInternet:<br \/>\n\u00d6ffentliche Duschen\/WC <\/p>","protected":false},"author":2,"featured_media":0,"parent":2217,"menu_order":0,"comment_status":"closed","ping_status":"closed","template":"","meta":{"footnotes":""},"class_list":["post-3237","page","type-page","status-publish","hentry"],"blocksy_meta":[],"yoast_head":"<!-- This site is optimized with the Yoast SEO plugin v25.9 - https:\/\/yoast.com\/wordpress\/plugins\/seo\/ -->\n<title>PAPL\u016aDIMYS - Sl\u0117nis Trakuose<\/title>\n<meta name=\"robots\" content=\"index, follow, max-snippet:-1, max-image-preview:large, max-video-preview:-1\" \/>\n<link rel=\"canonical\" href=\"https:\/\/slenistrakuose.lt\/de\/rezervacija\/pliazas\/\" \/>\n<meta property=\"og:locale\" content=\"de_DE\" \/>\n<meta property=\"og:type\" content=\"article\" \/>\n<meta property=\"og:title\" content=\"PAPL\u016aDIMYS - Sl\u0117nis Trakuose\" \/>\n<meta property=\"og:description\" content=\"PAPL\u016aDIMYS Privat\u016bs du papl\u016bdimiai Papl\u016bdimio baras Krep\u0161inis\/ Futbolas\/ Tinklinis Internetas Vie\u0161ieji du\u0161ai\/ WC\" \/>\n<meta property=\"og:url\" content=\"https:\/\/slenistrakuose.lt\/de\/rezervacija\/pliazas\/\" \/>\n<meta property=\"og:site_name\" content=\"Sl\u0117nis Trakuose\" \/>\n<meta property=\"article:publisher\" content=\"https:\/\/www.facebook.com\/trakaivalley\" \/>\n<meta property=\"article:modified_time\" content=\"2025-06-03T10:23:58+00:00\" \/>\n<meta property=\"og:image\" content=\"https:\/\/slenistrakuose.lt\/wp-content\/uploads\/2025\/06\/registraturos-stendas-jpg-formatu.jpg\" \/>\n\t<meta property=\"og:image:width\" content=\"1236\" \/>\n\t<meta property=\"og:image:height\" content=\"1903\" \/>\n\t<meta property=\"og:image:type\" content=\"image\/jpeg\" \/>\n<meta name=\"twitter:card\" content=\"summary_large_image\" \/>\n<script type=\"application\/ld+json\" class=\"yoast-schema-graph\">{\"@context\":\"https:\/\/schema.org\",\"@graph\":[{\"@type\":\"WebPage\",\"@id\":\"https:\/\/slenistrakuose.lt\/rezervacija\/pliazas\/\",\"url\":\"https:\/\/slenistrakuose.lt\/rezervacija\/pliazas\/\",\"name\":\"PAPL\u016aDIMYS - Sl\u0117nis Trakuose\",\"isPartOf\":{\"@id\":\"https:\/\/slenistrakuose.lt\/#website\"},\"primaryImageOfPage\":{\"@id\":\"https:\/\/slenistrakuose.lt\/rezervacija\/pliazas\/#primaryimage\"},\"image\":{\"@id\":\"https:\/\/slenistrakuose.lt\/rezervacija\/pliazas\/#primaryimage\"},\"thumbnailUrl\":\"https:\/\/slenistrakuose.lt\/wp-content\/uploads\/2025\/06\/registraturos-stendas-jpg-formatu-665x1024.jpg\",\"datePublished\":\"2023-11-02T07:39:02+00:00\",\"dateModified\":\"2025-06-03T10:23:58+00:00\",\"breadcrumb\":{\"@id\":\"https:\/\/slenistrakuose.lt\/rezervacija\/pliazas\/#breadcrumb\"},\"inLanguage\":\"de\",\"potentialAction\":[{\"@type\":\"ReadAction\",\"target\":[\"https:\/\/slenistrakuose.lt\/rezervacija\/pliazas\/\"]}]},{\"@type\":\"ImageObject\",\"inLanguage\":\"de\",\"@id\":\"https:\/\/slenistrakuose.lt\/rezervacija\/pliazas\/#primaryimage\",\"url\":\"https:\/\/slenistrakuose.lt\/wp-content\/uploads\/2025\/06\/registraturos-stendas-jpg-formatu-665x1024.jpg\",\"contentUrl\":\"https:\/\/slenistrakuose.lt\/wp-content\/uploads\/2025\/06\/registraturos-stendas-jpg-formatu-665x1024.jpg\"},{\"@type\":\"BreadcrumbList\",\"@id\":\"https:\/\/slenistrakuose.lt\/rezervacija\/pliazas\/#breadcrumb\",\"itemListElement\":[{\"@type\":\"ListItem\",\"position\":1,\"name\":\"Home\",\"item\":\"https:\/\/slenistrakuose.lt\/\"},{\"@type\":\"ListItem\",\"position\":2,\"name\":\"Kambariai\",\"item\":\"https:\/\/slenistrakuose.lt\/rezervacija\/\"},{\"@type\":\"ListItem\",\"position\":3,\"name\":\"PAPL\u016aDIMYS\"}]},{\"@type\":\"WebSite\",\"@id\":\"https:\/\/slenistrakuose.lt\/#website\",\"url\":\"https:\/\/slenistrakuose.lt\/\",\"name\":\"Sl\u0117nis Trakuose\",\"description\":\"Gamtoje, kaip namuose\",\"publisher\":{\"@id\":\"https:\/\/slenistrakuose.lt\/#organization\"},\"potentialAction\":[{\"@type\":\"SearchAction\",\"target\":{\"@type\":\"EntryPoint\",\"urlTemplate\":\"https:\/\/slenistrakuose.lt\/?s={search_term_string}\"},\"query-input\":{\"@type\":\"PropertyValueSpecification\",\"valueRequired\":true,\"valueName\":\"search_term_string\"}}],\"inLanguage\":\"de\"},{\"@type\":\"Organization\",\"@id\":\"https:\/\/slenistrakuose.lt\/#organization\",\"name\":\"Sl\u0117nis Trakuose\",\"url\":\"https:\/\/slenistrakuose.lt\/\",\"logo\":{\"@type\":\"ImageObject\",\"inLanguage\":\"de\",\"@id\":\"https:\/\/slenistrakuose.lt\/#\/schema\/logo\/image\/\",\"url\":\"https:\/\/slenistrakuose.lt\/wp-content\/uploads\/2023\/09\/pagrindinis-logotipas-juodas-SVG-1.svg\",\"contentUrl\":\"https:\/\/slenistrakuose.lt\/wp-content\/uploads\/2023\/09\/pagrindinis-logotipas-juodas-SVG-1.svg\",\"width\":64,\"height\":82,\"caption\":\"Sl\u0117nis Trakuose\"},\"image\":{\"@id\":\"https:\/\/slenistrakuose.lt\/#\/schema\/logo\/image\/\"},\"sameAs\":[\"https:\/\/www.facebook.com\/trakaivalley\"]}]}<\/script>\n<!-- \/ Yoast SEO plugin. -->","yoast_head_json":{"title":"PAPL\u016aDIMYS - Sl\u0117nis Trakuose","robots":{"index":"index","follow":"follow","max-snippet":"max-snippet:-1","max-image-preview":"max-image-preview:large","max-video-preview":"max-video-preview:-1"},"canonical":"https:\/\/slenistrakuose.lt\/de\/rezervacija\/pliazas\/","og_locale":"de_DE","og_type":"article","og_title":"PAPL\u016aDIMYS - Sl\u0117nis Trakuose","og_description":"PAPL\u016aDIMYS Privat\u016bs du papl\u016bdimiai Papl\u016bdimio baras Krep\u0161inis\/ Futbolas\/ Tinklinis Internetas Vie\u0161ieji du\u0161ai\/ WC","og_url":"https:\/\/slenistrakuose.lt\/de\/rezervacija\/pliazas\/","og_site_name":"Sl\u0117nis Trakuose","article_publisher":"https:\/\/www.facebook.com\/trakaivalley","article_modified_time":"2025-06-03T10:23:58+00:00","og_image":[{"width":1236,"height":1903,"url":"https:\/\/slenistrakuose.lt\/wp-content\/uploads\/2025\/06\/registraturos-stendas-jpg-formatu.jpg","type":"image\/jpeg"}],"twitter_card":"summary_large_image","schema":{"@context":"https:\/\/schema.org","@graph":[{"@type":"WebPage","@id":"https:\/\/slenistrakuose.lt\/rezervacija\/pliazas\/","url":"https:\/\/slenistrakuose.lt\/rezervacija\/pliazas\/","name":"PAPL\u016aDIMYS - Sl\u0117nis Trakuose","isPartOf":{"@id":"https:\/\/slenistrakuose.lt\/#website"},"primaryImageOfPage":{"@id":"https:\/\/slenistrakuose.lt\/rezervacija\/pliazas\/#primaryimage"},"image":{"@id":"https:\/\/slenistrakuose.lt\/rezervacija\/pliazas\/#primaryimage"},"thumbnailUrl":"https:\/\/slenistrakuose.lt\/wp-content\/uploads\/2025\/06\/registraturos-stendas-jpg-formatu-665x1024.jpg","datePublished":"2023-11-02T07:39:02+00:00","dateModified":"2025-06-03T10:23:58+00:00","breadcrumb":{"@id":"https:\/\/slenistrakuose.lt\/rezervacija\/pliazas\/#breadcrumb"},"inLanguage":"de","potentialAction":[{"@type":"ReadAction","target":["https:\/\/slenistrakuose.lt\/rezervacija\/pliazas\/"]}]},{"@type":"ImageObject","inLanguage":"de","@id":"https:\/\/slenistrakuose.lt\/rezervacija\/pliazas\/#primaryimage","url":"https:\/\/slenistrakuose.lt\/wp-content\/uploads\/2025\/06\/registraturos-stendas-jpg-formatu-665x1024.jpg","contentUrl":"https:\/\/slenistrakuose.lt\/wp-content\/uploads\/2025\/06\/registraturos-stendas-jpg-formatu-665x1024.jpg"},{"@type":"BreadcrumbList","@id":"https:\/\/slenistrakuose.lt\/rezervacija\/pliazas\/#breadcrumb","itemListElement":[{"@type":"ListItem","position":1,"name":"Home","item":"https:\/\/slenistrakuose.lt\/"},{"@type":"ListItem","position":2,"name":"Kambariai","item":"https:\/\/slenistrakuose.lt\/rezervacija\/"},{"@type":"ListItem","position":3,"name":"PAPL\u016aDIMYS"}]},{"@type":"WebSite","@id":"https:\/\/slenistrakuose.lt\/#website","url":"https:\/\/slenistrakuose.lt\/","name":"Tal in Trakai","description":"Gamtoje, kaip namuose","publisher":{"@id":"https:\/\/slenistrakuose.lt\/#organization"},"potentialAction":[{"@type":"SearchAction","target":{"@type":"EntryPoint","urlTemplate":"https:\/\/slenistrakuose.lt\/?s={search_term_string}"},"query-input":{"@type":"PropertyValueSpecification","valueRequired":true,"valueName":"search_term_string"}}],"inLanguage":"de"},{"@type":"Organization","@id":"https:\/\/slenistrakuose.lt\/#organization","name":"Tal in Trakai","url":"https:\/\/slenistrakuose.lt\/","logo":{"@type":"ImageObject","inLanguage":"de","@id":"https:\/\/slenistrakuose.lt\/#\/schema\/logo\/image\/","url":"https:\/\/slenistrakuose.lt\/wp-content\/uploads\/2023\/09\/pagrindinis-logotipas-juodas-SVG-1.svg","contentUrl":"https:\/\/slenistrakuose.lt\/wp-content\/uploads\/2023\/09\/pagrindinis-logotipas-juodas-SVG-1.svg","width":64,"height":82,"caption":"Sl\u0117nis Trakuose"},"image":{"@id":"https:\/\/slenistrakuose.lt\/#\/schema\/logo\/image\/"},"sameAs":["https:\/\/www.facebook.com\/trakaivalley"]}]}},"_links":{"self":[{"href":"https:\/\/slenistrakuose.lt\/de\/wp-json\/wp\/v2\/pages\/3237","targetHints":{"allow":["GET"]}}],"collection":[{"href":"https:\/\/slenistrakuose.lt\/de\/wp-json\/wp\/v2\/pages"}],"about":[{"href":"https:\/\/slenistrakuose.lt\/de\/wp-json\/wp\/v2\/types\/page"}],"author":[{"embeddable":true,"href":"https:\/\/slenistrakuose.lt\/de\/wp-json\/wp\/v2\/users\/2"}],"replies":[{"embeddable":true,"href":"https:\/\/slenistrakuose.lt\/de\/wp-json\/wp\/v2\/comments?post=3237"}],"version-history":[{"count":31,"href":"https:\/\/slenistrakuose.lt\/de\/wp-json\/wp\/v2\/pages\/3237\/revisions"}],"predecessor-version":[{"id":5811,"href":"https:\/\/slenistrakuose.lt\/de\/wp-json\/wp\/v2\/pages\/3237\/revisions\/5811"}],"up":[{"embeddable":true,"href":"https:\/\/slenistrakuose.lt\/de\/wp-json\/wp\/v2\/pages\/2217"}],"wp:attachment":[{"href":"https:\/\/slenistrakuose.lt\/de\/wp-json\/wp\/v2\/media?parent=3237"}],"curies":[{"name":"wp","href":"https:\/\/api.w.org\/{rel}","templated":true}]}}