{"id":2660,"date":"2023-10-16T05:58:49","date_gmt":"2023-10-16T05:58:49","guid":{"rendered":"https:\/\/slenistrakuose.lt\/?page_id=2660"},"modified":"2025-11-27T11:09:26","modified_gmt":"2025-11-27T11:09:26","slug":"darbui","status":"publish","type":"page","link":"https:\/\/slenistrakuose.lt\/de\/darbui\/","title":{"rendered":"F\u00fcr Unternehmen"},"content":{"rendered":"<div data-elementor-type=\"wp-page\" data-elementor-id=\"2660\" class=\"elementor elementor-2660\" data-elementor-post-type=\"page\">\n\t\t\t\t\t\t<section class=\"elementor-section elementor-top-section elementor-element elementor-element-6821755 ct-section-stretched elementor-section-full_width elementor-section-height-min-height elementor-section-content-middle elementor-section-height-default elementor-section-items-middle\" data-id=\"6821755\" data-element_type=\"section\" data-settings=\"{&quot;background_background&quot;:&quot;classic&quot;}\">\n\t\t\t\t\t\t\t<div class=\"elementor-background-overlay\"><\/div>\n\t\t\t\t\t\t\t<div class=\"elementor-container elementor-column-gap-no\">\n\t\t\t\t\t<div class=\"elementor-column elementor-col-100 elementor-top-column elementor-element elementor-element-be21e4a\" data-id=\"be21e4a\" data-element_type=\"column\">\n\t\t\t<div class=\"elementor-widget-wrap elementor-element-populated\">\n\t\t\t\t\t\t<div class=\"elementor-element elementor-element-2e37241 elementor-widget elementor-widget-text-editor\" data-id=\"2e37241\" data-element_type=\"widget\" data-widget_type=\"text-editor.default\">\n\t\t\t\t<div class=\"elementor-widget-container\">\n\t\t\t\t\t\t\t<p>Privater Platz am Galve-See mit Sandstrand und Blick auf die Burg von Trakai<\/p>\t\t\t\t\t\t<\/div>\n\t\t\t\t<\/div>\n\t\t\t\t\t<\/div>\n\t\t<\/div>\n\t\t\t\t\t<\/div>\n\t\t<\/section>\n\t\t\t\t<section class=\"elementor-section elementor-top-section elementor-element elementor-element-55830f4 elementor-section-boxed elementor-section-height-default elementor-section-height-default\" data-id=\"55830f4\" data-element_type=\"section\" id=\"section_1\">\n\t\t\t\t\t\t<div class=\"elementor-container elementor-column-gap-default\">\n\t\t\t\t\t<div class=\"elementor-column elementor-col-50 elementor-top-column elementor-element elementor-element-5dfba76\" data-id=\"5dfba76\" data-element_type=\"column\">\n\t\t\t<div class=\"elementor-widget-wrap elementor-element-populated\">\n\t\t\t\t\t\t<div class=\"elementor-element elementor-element-42b7d23 elementor-widget elementor-widget-heading\" data-id=\"42b7d23\" data-element_type=\"widget\" data-widget_type=\"heading.default\">\n\t\t\t\t<div class=\"elementor-widget-container\">\n\t\t\t<h2 class=\"elementor-heading-title elementor-size-default\">F\u00fcr die Arbeit und die Feiertage<\/h2>\t\t<\/div>\n\t\t\t\t<\/div>\n\t\t\t\t<div class=\"elementor-element elementor-element-06e4ba1 elementor-widget elementor-widget-text-editor\" data-id=\"06e4ba1\" data-element_type=\"widget\" data-widget_type=\"text-editor.default\">\n\t\t\t\t<div class=\"elementor-widget-container\">\n\t\t\t\t\t\t\t<p class=\"details-text\">Tal in Trakai<\/p>\t\t\t\t\t\t<\/div>\n\t\t\t\t<\/div>\n\t\t\t\t<div class=\"elementor-element elementor-element-ea13415 elementor-widget elementor-widget-text-editor\" data-id=\"ea13415\" data-element_type=\"widget\" data-widget_type=\"text-editor.default\">\n\t\t\t\t<div class=\"elementor-widget-container\">\n\t\t\t\t\t\t\t<p>Ein gro\u00dfz\u00fcgiger Tagungsraum, ein Hotel und Ferienh\u00e4user f\u00fcr \u00dcbernachtungen erwarten Ihr Team. Im Tal bieten wir die perfekten Voraussetzungen f\u00fcr ein harmonisches Gleichgewicht zwischen Arbeit und Freizeit.<\/p><p class=\"akcentine\">Ferienh\u00e4user, Zimmer und Konferenzr\u00e4ume zu vermieten.<\/p><p>- Gem\u00fctliche Aufenthaltsr\u00e4ume, in denen sich die Mitarbeiter entspannen und ausruhen k\u00f6nnen;<br \/>- Konferenzraum f\u00fcr Besprechungen und gemeinsame arbeitsbezogene Aktivit\u00e4ten;<br \/>- Verschiedene Outdoor-Aktivit\u00e4ten und teambildende Ma\u00dfnahmen;<br \/>- Die Mahlzeiten k\u00f6nnen sofort bestellt werden;<br \/>- Privatstrand und Ausr\u00fcstungsverleih;<br \/>- Basketball-, Volleyball- und Fu\u00dfballpl\u00e4tze.<\/p>\t\t\t\t\t\t<\/div>\n\t\t\t\t<\/div>\n\t\t\t\t\t<\/div>\n\t\t<\/div>\n\t\t\t\t<div class=\"elementor-column elementor-col-50 elementor-top-column elementor-element elementor-element-1aa6c76 animated-slow elementor-invisible\" data-id=\"1aa6c76\" data-element_type=\"column\" data-settings=\"{&quot;background_background&quot;:&quot;classic&quot;,&quot;animation&quot;:&quot;fadeInRight&quot;}\">\n\t\t\t<div class=\"elementor-widget-wrap elementor-element-populated\">\n\t\t\t\t\t\t<div class=\"elementor-element elementor-element-786018e elementor-widget elementor-widget-spacer\" data-id=\"786018e\" data-element_type=\"widget\" data-widget_type=\"spacer.default\">\n\t\t\t\t<div class=\"elementor-widget-container\">\n\t\t\t\t\t<div class=\"elementor-spacer\">\n\t\t\t<div class=\"elementor-spacer-inner\"><\/div>\n\t\t<\/div>\n\t\t\t\t<\/div>\n\t\t\t\t<\/div>\n\t\t\t\t\t<\/div>\n\t\t<\/div>\n\t\t\t\t\t<\/div>\n\t\t<\/section>\n\t\t\t\t<section class=\"elementor-section elementor-top-section elementor-element elementor-element-5325a81 elementor-section-boxed elementor-section-height-default elementor-section-height-default\" data-id=\"5325a81\" data-element_type=\"section\">\n\t\t\t\t\t\t<div class=\"elementor-container elementor-column-gap-default\">\n\t\t\t\t\t<div class=\"elementor-column elementor-col-50 elementor-top-column elementor-element elementor-element-064a1c4 animated-slow elementor-hidden-mobile elementor-hidden-tablet elementor-invisible\" data-id=\"064a1c4\" data-element_type=\"column\" data-settings=\"{&quot;background_background&quot;:&quot;classic&quot;,&quot;animation&quot;:&quot;fadeInLeft&quot;}\">\n\t\t\t<div class=\"elementor-widget-wrap elementor-element-populated\">\n\t\t\t\t\t\t<div class=\"elementor-element elementor-element-a68b789 elementor-widget elementor-widget-spacer\" data-id=\"a68b789\" data-element_type=\"widget\" data-widget_type=\"spacer.default\">\n\t\t\t\t<div class=\"elementor-widget-container\">\n\t\t\t\t\t<div class=\"elementor-spacer\">\n\t\t\t<div class=\"elementor-spacer-inner\"><\/div>\n\t\t<\/div>\n\t\t\t\t<\/div>\n\t\t\t\t<\/div>\n\t\t\t\t\t<\/div>\n\t\t<\/div>\n\t\t\t\t<div class=\"elementor-column elementor-col-50 elementor-top-column elementor-element elementor-element-347dccc\" data-id=\"347dccc\" data-element_type=\"column\">\n\t\t\t<div class=\"elementor-widget-wrap elementor-element-populated\">\n\t\t\t\t\t\t<div class=\"elementor-element elementor-element-2c51edd elementor-widget elementor-widget-heading\" data-id=\"2c51edd\" data-element_type=\"widget\" data-widget_type=\"heading.default\">\n\t\t\t\t<div class=\"elementor-widget-container\">\n\t\t\t<h2 class=\"elementor-heading-title elementor-size-default\">Konferenzen, Seminare\n<\/h2>\t\t<\/div>\n\t\t\t\t<\/div>\n\t\t\t\t<div class=\"elementor-element elementor-element-f2bef38 elementor-widget elementor-widget-text-editor\" data-id=\"f2bef38\" data-element_type=\"widget\" data-widget_type=\"text-editor.default\">\n\t\t\t\t<div class=\"elementor-widget-container\">\n\t\t\t\t\t\t\t<p class=\"details-text\">Tal in Trakai<\/p>\t\t\t\t\t\t<\/div>\n\t\t\t\t<\/div>\n\t\t\t\t<div class=\"elementor-element elementor-element-6889cd6 elementor-widget elementor-widget-text-editor\" data-id=\"6889cd6\" data-element_type=\"widget\" data-widget_type=\"text-editor.default\">\n\t\t\t\t<div class=\"elementor-widget-container\">\n\t\t\t\t\t\t\t<p class=\"akcentine\">Funktionaler Konferenzraum:<\/p><p>- Ein stilvoller Raum f\u00fcr professionelle Veranstaltungen, Managementtreffen und Seminare;<br \/>- Panoramablick auf den Galv\u0117-See und die Burg von Trakai;<br \/>- Der Saal ist klimatisiert;<br \/>- Hilfsmittel: Whiteboards, Projektor und Audio-Lautsprecher;<br \/>- G\u00fcnstige Verkehrsanbindung an die wichtigsten litauischen St\u00e4dte.<\/p>\t\t\t\t\t\t<\/div>\n\t\t\t\t<\/div>\n\t\t\t\t\t<\/div>\n\t\t<\/div>\n\t\t\t\t\t<\/div>\n\t\t<\/section>\n\t\t\t\t<section class=\"elementor-section elementor-top-section elementor-element elementor-element-9f1a957 elementor-hidden-desktop elementor-section-boxed elementor-section-height-default elementor-section-height-default\" data-id=\"9f1a957\" data-element_type=\"section\">\n\t\t\t\t\t\t<div class=\"elementor-container elementor-column-gap-default\">\n\t\t\t\t\t<div class=\"elementor-column elementor-col-100 elementor-top-column elementor-element elementor-element-0f2d19e animated-slow elementor-invisible\" data-id=\"0f2d19e\" data-element_type=\"column\" data-settings=\"{&quot;background_background&quot;:&quot;classic&quot;,&quot;animation&quot;:&quot;fadeInRight&quot;}\">\n\t\t\t<div class=\"elementor-widget-wrap elementor-element-populated\">\n\t\t\t\t\t\t<div class=\"elementor-element elementor-element-704ff9c elementor-widget elementor-widget-spacer\" data-id=\"704ff9c\" data-element_type=\"widget\" data-widget_type=\"spacer.default\">\n\t\t\t\t<div class=\"elementor-widget-container\">\n\t\t\t\t\t<div class=\"elementor-spacer\">\n\t\t\t<div class=\"elementor-spacer-inner\"><\/div>\n\t\t<\/div>\n\t\t\t\t<\/div>\n\t\t\t\t<\/div>\n\t\t\t\t\t<\/div>\n\t\t<\/div>\n\t\t\t\t\t<\/div>\n\t\t<\/section>\n\t\t\t\t<section class=\"elementor-section elementor-top-section elementor-element elementor-element-794f5db elementor-section-boxed elementor-section-height-default elementor-section-height-default\" data-id=\"794f5db\" data-element_type=\"section\">\n\t\t\t\t\t\t<div class=\"elementor-container elementor-column-gap-default\">\n\t\t\t\t\t<div class=\"elementor-column elementor-col-50 elementor-top-column elementor-element elementor-element-01718b6\" data-id=\"01718b6\" data-element_type=\"column\">\n\t\t\t<div class=\"elementor-widget-wrap elementor-element-populated\">\n\t\t\t\t\t\t<div class=\"elementor-element elementor-element-a45469e elementor-widget elementor-widget-heading\" data-id=\"a45469e\" data-element_type=\"widget\" data-widget_type=\"heading.default\">\n\t\t\t\t<div class=\"elementor-widget-container\">\n\t\t\t<h2 class=\"elementor-heading-title elementor-size-default\">Verpflegung\n<\/h2>\t\t<\/div>\n\t\t\t\t<\/div>\n\t\t\t\t<div class=\"elementor-element elementor-element-5183e65 elementor-widget elementor-widget-text-editor\" data-id=\"5183e65\" data-element_type=\"widget\" data-widget_type=\"text-editor.default\">\n\t\t\t\t<div class=\"elementor-widget-container\">\n\t\t\t\t\t\t\t<p class=\"details-text\">Tal in Trakai<\/p>\t\t\t\t\t\t<\/div>\n\t\t\t\t<\/div>\n\t\t\t\t<div class=\"elementor-element elementor-element-db74865 elementor-widget elementor-widget-text-editor\" data-id=\"db74865\" data-element_type=\"widget\" data-widget_type=\"text-editor.default\">\n\t\t\t\t<div class=\"elementor-widget-container\">\n\t\t\t\t\t\t\t<p>F\u00fcr Feste, Konferenzen oder andere Veranstaltungen bieten wir im Voraus einen Catering-Service an. Wir empfehlen Ihnen, das Tal zu besuchen&nbsp;<a style=\"color: #fe735e;\" href=\"https:\/\/jausmas.lt\/lt\/\">\"Jausmas\"<\/a>,das sich im Sl\u0117nis befindet. Aus dem Restaurantmen\u00fc k\u00f6nnen Sie verschiedene Snacks sowie Gerichte f\u00fcr Mittag- und Abendessen ausw\u00e4hlen.<\/p>\t\t\t\t\t\t<\/div>\n\t\t\t\t<\/div>\n\t\t\t\t<div class=\"elementor-element elementor-element-b721a19 elementor-align-left elementor-mobile-align-center elementor-tablet-align-center elementor-widget elementor-widget-button\" data-id=\"b721a19\" data-element_type=\"widget\" data-widget_type=\"button.default\">\n\t\t\t\t<div class=\"elementor-widget-container\">\n\t\t\t\t\t\t\t<div class=\"elementor-button-wrapper\">\n\t\t\t\t\t<a class=\"elementor-button elementor-button-link elementor-size-sm\" href=\"https:\/\/slenistrakuose.lt\/de\/kontaktai\/\">\n\t\t\t\t\t\t<span class=\"elementor-button-content-wrapper\">\n\t\t\t\t\t\t\t\t\t<span class=\"elementor-button-text\">KONTAKT<\/span>\n\t\t\t\t\t<\/span>\n\t\t\t\t\t<\/a>\n\t\t\t\t<\/div>\n\t\t\t\t\t\t<\/div>\n\t\t\t\t<\/div>\n\t\t\t\t\t<\/div>\n\t\t<\/div>\n\t\t\t\t<div class=\"elementor-column elementor-col-50 elementor-top-column elementor-element elementor-element-8e205be animated-slow elementor-hidden-mobile elementor-hidden-tablet elementor-invisible\" data-id=\"8e205be\" data-element_type=\"column\" data-settings=\"{&quot;background_background&quot;:&quot;classic&quot;,&quot;animation&quot;:&quot;fadeInRight&quot;}\">\n\t\t\t<div class=\"elementor-widget-wrap elementor-element-populated\">\n\t\t\t\t\t\t<div class=\"elementor-element elementor-element-d821049 elementor-widget elementor-widget-spacer\" data-id=\"d821049\" data-element_type=\"widget\" data-widget_type=\"spacer.default\">\n\t\t\t\t<div class=\"elementor-widget-container\">\n\t\t\t\t\t<div class=\"elementor-spacer\">\n\t\t\t<div class=\"elementor-spacer-inner\"><\/div>\n\t\t<\/div>\n\t\t\t\t<\/div>\n\t\t\t\t<\/div>\n\t\t\t\t\t<\/div>\n\t\t<\/div>\n\t\t\t\t\t<\/div>\n\t\t<\/section>\n\t\t\t\t<\/div>","protected":false},"excerpt":{"rendered":"<p>Privati erdv\u0117 prie Galv\u0117s e\u017eero su sm\u0117l\u0117tu papl\u016bdimiu ir vaizdu \u012f Trak\u0173 pil\u012f Darbui ir Darbostogoms Sl\u0117nis Trakuose J\u016bs\u0173 \u012fmon\u0117s komandos laukia erdvi konferencij\u0173 sal\u0117, vie\u0161butis ir poilsio nameliai nakvynei. Sl\u0117nyje sudarome puikias s\u0105lygas harmoningam darbo ir laisvalaikio balansui. Nameli\u0173, kambari\u0173 ir konferencij\u0173 sal\u0117s nuoma. &#8211; Jaukios poilsio erdv\u0117s, kuriose darbuotojai gal\u0117s atsipalaiduoti ir kokybi\u0161kai [&hellip;]<\/p>\n","protected":false},"author":2,"featured_media":0,"parent":0,"menu_order":0,"comment_status":"closed","ping_status":"closed","template":"elementor_theme","meta":{"footnotes":""},"class_list":["post-2660","page","type-page","status-publish","hentry"],"blocksy_meta":[],"yoast_head":"<!-- This site is optimized with the Yoast SEO plugin v25.9 - https:\/\/yoast.com\/wordpress\/plugins\/seo\/ -->\n<title>Verslui - Sl\u0117nis Trakuose<\/title>\n<meta name=\"robots\" content=\"index, follow, max-snippet:-1, max-image-preview:large, max-video-preview:-1\" \/>\n<link rel=\"canonical\" href=\"https:\/\/slenistrakuose.lt\/de\/darbui\/\" \/>\n<meta property=\"og:locale\" content=\"de_DE\" \/>\n<meta property=\"og:type\" content=\"article\" \/>\n<meta property=\"og:title\" content=\"Verslui - Sl\u0117nis Trakuose\" \/>\n<meta property=\"og:description\" content=\"Privati erdv\u0117 prie Galv\u0117s e\u017eero su sm\u0117l\u0117tu papl\u016bdimiu ir vaizdu \u012f Trak\u0173 pil\u012f Darbui ir Darbostogoms Sl\u0117nis Trakuose J\u016bs\u0173 \u012fmon\u0117s komandos laukia erdvi konferencij\u0173 sal\u0117, vie\u0161butis ir poilsio nameliai nakvynei. Sl\u0117nyje sudarome puikias s\u0105lygas harmoningam darbo ir laisvalaikio balansui. Nameli\u0173, kambari\u0173 ir konferencij\u0173 sal\u0117s nuoma. &#8211; Jaukios poilsio erdv\u0117s, kuriose darbuotojai gal\u0117s atsipalaiduoti ir kokybi\u0161kai [&hellip;]\" \/>\n<meta property=\"og:url\" content=\"https:\/\/slenistrakuose.lt\/de\/darbui\/\" \/>\n<meta property=\"og:site_name\" content=\"Sl\u0117nis Trakuose\" \/>\n<meta property=\"article:publisher\" content=\"https:\/\/www.facebook.com\/trakaivalley\" \/>\n<meta property=\"article:modified_time\" content=\"2025-11-27T11:09:26+00:00\" \/>\n<meta name=\"twitter:card\" content=\"summary_large_image\" \/>\n<meta name=\"twitter:label1\" content=\"Gesch\u00e4tzte Lesezeit\" \/>\n\t<meta name=\"twitter:data1\" content=\"1\u00a0Minute\" \/>\n<script type=\"application\/ld+json\" class=\"yoast-schema-graph\">{\"@context\":\"https:\/\/schema.org\",\"@graph\":[{\"@type\":\"WebPage\",\"@id\":\"https:\/\/slenistrakuose.lt\/darbui\/\",\"url\":\"https:\/\/slenistrakuose.lt\/darbui\/\",\"name\":\"Verslui - Sl\u0117nis Trakuose\",\"isPartOf\":{\"@id\":\"https:\/\/slenistrakuose.lt\/#website\"},\"datePublished\":\"2023-10-16T05:58:49+00:00\",\"dateModified\":\"2025-11-27T11:09:26+00:00\",\"breadcrumb\":{\"@id\":\"https:\/\/slenistrakuose.lt\/darbui\/#breadcrumb\"},\"inLanguage\":\"de\",\"potentialAction\":[{\"@type\":\"ReadAction\",\"target\":[\"https:\/\/slenistrakuose.lt\/darbui\/\"]}]},{\"@type\":\"BreadcrumbList\",\"@id\":\"https:\/\/slenistrakuose.lt\/darbui\/#breadcrumb\",\"itemListElement\":[{\"@type\":\"ListItem\",\"position\":1,\"name\":\"Home\",\"item\":\"https:\/\/slenistrakuose.lt\/\"},{\"@type\":\"ListItem\",\"position\":2,\"name\":\"Verslui\"}]},{\"@type\":\"WebSite\",\"@id\":\"https:\/\/slenistrakuose.lt\/#website\",\"url\":\"https:\/\/slenistrakuose.lt\/\",\"name\":\"Sl\u0117nis Trakuose\",\"description\":\"Gamtoje, kaip namuose\",\"publisher\":{\"@id\":\"https:\/\/slenistrakuose.lt\/#organization\"},\"potentialAction\":[{\"@type\":\"SearchAction\",\"target\":{\"@type\":\"EntryPoint\",\"urlTemplate\":\"https:\/\/slenistrakuose.lt\/?s={search_term_string}\"},\"query-input\":{\"@type\":\"PropertyValueSpecification\",\"valueRequired\":true,\"valueName\":\"search_term_string\"}}],\"inLanguage\":\"de\"},{\"@type\":\"Organization\",\"@id\":\"https:\/\/slenistrakuose.lt\/#organization\",\"name\":\"Sl\u0117nis Trakuose\",\"url\":\"https:\/\/slenistrakuose.lt\/\",\"logo\":{\"@type\":\"ImageObject\",\"inLanguage\":\"de\",\"@id\":\"https:\/\/slenistrakuose.lt\/#\/schema\/logo\/image\/\",\"url\":\"https:\/\/slenistrakuose.lt\/wp-content\/uploads\/2023\/09\/pagrindinis-logotipas-juodas-SVG-1.svg\",\"contentUrl\":\"https:\/\/slenistrakuose.lt\/wp-content\/uploads\/2023\/09\/pagrindinis-logotipas-juodas-SVG-1.svg\",\"width\":64,\"height\":82,\"caption\":\"Sl\u0117nis Trakuose\"},\"image\":{\"@id\":\"https:\/\/slenistrakuose.lt\/#\/schema\/logo\/image\/\"},\"sameAs\":[\"https:\/\/www.facebook.com\/trakaivalley\"]}]}<\/script>\n<!-- \/ Yoast SEO plugin. -->","yoast_head_json":{"title":"Verslui - Sl\u0117nis Trakuose","robots":{"index":"index","follow":"follow","max-snippet":"max-snippet:-1","max-image-preview":"max-image-preview:large","max-video-preview":"max-video-preview:-1"},"canonical":"https:\/\/slenistrakuose.lt\/de\/darbui\/","og_locale":"de_DE","og_type":"article","og_title":"Verslui - Sl\u0117nis Trakuose","og_description":"Privati erdv\u0117 prie Galv\u0117s e\u017eero su sm\u0117l\u0117tu papl\u016bdimiu ir vaizdu \u012f Trak\u0173 pil\u012f Darbui ir Darbostogoms Sl\u0117nis Trakuose J\u016bs\u0173 \u012fmon\u0117s komandos laukia erdvi konferencij\u0173 sal\u0117, vie\u0161butis ir poilsio nameliai nakvynei. Sl\u0117nyje sudarome puikias s\u0105lygas harmoningam darbo ir laisvalaikio balansui. Nameli\u0173, kambari\u0173 ir konferencij\u0173 sal\u0117s nuoma. &#8211; Jaukios poilsio erdv\u0117s, kuriose darbuotojai gal\u0117s atsipalaiduoti ir kokybi\u0161kai [&hellip;]","og_url":"https:\/\/slenistrakuose.lt\/de\/darbui\/","og_site_name":"Sl\u0117nis Trakuose","article_publisher":"https:\/\/www.facebook.com\/trakaivalley","article_modified_time":"2025-11-27T11:09:26+00:00","twitter_card":"summary_large_image","twitter_misc":{"Gesch\u00e4tzte Lesezeit":"1\u00a0Minute"},"schema":{"@context":"https:\/\/schema.org","@graph":[{"@type":"WebPage","@id":"https:\/\/slenistrakuose.lt\/darbui\/","url":"https:\/\/slenistrakuose.lt\/darbui\/","name":"Verslui - Sl\u0117nis Trakuose","isPartOf":{"@id":"https:\/\/slenistrakuose.lt\/#website"},"datePublished":"2023-10-16T05:58:49+00:00","dateModified":"2025-11-27T11:09:26+00:00","breadcrumb":{"@id":"https:\/\/slenistrakuose.lt\/darbui\/#breadcrumb"},"inLanguage":"de","potentialAction":[{"@type":"ReadAction","target":["https:\/\/slenistrakuose.lt\/darbui\/"]}]},{"@type":"BreadcrumbList","@id":"https:\/\/slenistrakuose.lt\/darbui\/#breadcrumb","itemListElement":[{"@type":"ListItem","position":1,"name":"Home","item":"https:\/\/slenistrakuose.lt\/"},{"@type":"ListItem","position":2,"name":"Verslui"}]},{"@type":"WebSite","@id":"https:\/\/slenistrakuose.lt\/#website","url":"https:\/\/slenistrakuose.lt\/","name":"Tal in Trakai","description":"Gamtoje, kaip namuose","publisher":{"@id":"https:\/\/slenistrakuose.lt\/#organization"},"potentialAction":[{"@type":"SearchAction","target":{"@type":"EntryPoint","urlTemplate":"https:\/\/slenistrakuose.lt\/?s={search_term_string}"},"query-input":{"@type":"PropertyValueSpecification","valueRequired":true,"valueName":"search_term_string"}}],"inLanguage":"de"},{"@type":"Organization","@id":"https:\/\/slenistrakuose.lt\/#organization","name":"Tal in Trakai","url":"https:\/\/slenistrakuose.lt\/","logo":{"@type":"ImageObject","inLanguage":"de","@id":"https:\/\/slenistrakuose.lt\/#\/schema\/logo\/image\/","url":"https:\/\/slenistrakuose.lt\/wp-content\/uploads\/2023\/09\/pagrindinis-logotipas-juodas-SVG-1.svg","contentUrl":"https:\/\/slenistrakuose.lt\/wp-content\/uploads\/2023\/09\/pagrindinis-logotipas-juodas-SVG-1.svg","width":64,"height":82,"caption":"Sl\u0117nis Trakuose"},"image":{"@id":"https:\/\/slenistrakuose.lt\/#\/schema\/logo\/image\/"},"sameAs":["https:\/\/www.facebook.com\/trakaivalley"]}]}},"_links":{"self":[{"href":"https:\/\/slenistrakuose.lt\/de\/wp-json\/wp\/v2\/pages\/2660","targetHints":{"allow":["GET"]}}],"collection":[{"href":"https:\/\/slenistrakuose.lt\/de\/wp-json\/wp\/v2\/pages"}],"about":[{"href":"https:\/\/slenistrakuose.lt\/de\/wp-json\/wp\/v2\/types\/page"}],"author":[{"embeddable":true,"href":"https:\/\/slenistrakuose.lt\/de\/wp-json\/wp\/v2\/users\/2"}],"replies":[{"embeddable":true,"href":"https:\/\/slenistrakuose.lt\/de\/wp-json\/wp\/v2\/comments?post=2660"}],"version-history":[{"count":1,"href":"https:\/\/slenistrakuose.lt\/de\/wp-json\/wp\/v2\/pages\/2660\/revisions"}],"predecessor-version":[{"id":6771,"href":"https:\/\/slenistrakuose.lt\/de\/wp-json\/wp\/v2\/pages\/2660\/revisions\/6771"}],"wp:attachment":[{"href":"https:\/\/slenistrakuose.lt\/de\/wp-json\/wp\/v2\/media?parent=2660"}],"curies":[{"name":"wp","href":"https:\/\/api.w.org\/{rel}","templated":true}]}}